{"id":8,"date":"2015-09-24T07:42:44","date_gmt":"2015-09-24T07:42:44","guid":{"rendered":"https:\/\/www.vitrosurlab.com\/es\/?page_id=8"},"modified":"2015-10-29T16:07:17","modified_gmt":"2015-10-29T16:07:17","slug":"inicio","status":"publish","type":"page","link":"https:\/\/vitrosurlab.com\/es\/","title":{"rendered":"Inicio"},"content":{"rendered":"<div class=\"sheet clearfix\">\n<div class=\"margen-2\"><\/div>\n<div class=\"one_third\">\n<p><a href=\"https:\/\/www.vitrosurlab.com\/es\/investigacion\/\"><img loading=\"lazy\" decoding=\"async\" width=\"218\" height=\"145\" class=\"size-medium wp-image-49 aligncenter\" src=\"https:\/\/www.vitrosurlab.com\/es\/wp-content\/uploads\/2015\/09\/icono-investigacion.png\" alt=\"icono-investigacion\" \/><\/a><\/p>\n<h3 style=\"text-align: center;\">INVESTIGACI\u00d3N<\/h3>\n<p>&nbsp;<\/p>\n<\/div>\n<div class=\"one_third\">\n<p><a href=\"https:\/\/www.vitrosurlab.com\/es\/cultivos\/\"><img loading=\"lazy\" decoding=\"async\" width=\"167\" height=\"145\" class=\"size-full wp-image-48 aligncenter\" src=\"https:\/\/www.vitrosurlab.com\/es\/wp-content\/uploads\/2015\/09\/icono-cultivos.png\" alt=\"icono-cultivos\" \/><\/a><\/p>\n<h3 style=\"text-align: center;\">CULTIVOS<\/h3>\n<p>&nbsp;<\/p>\n<\/div>\n<div class=\"one_third last\">\n<p><a href=\"https:\/\/www.vitrosurlab.com\/es\/tu-proyecto\/\"><img loading=\"lazy\" decoding=\"async\" width=\"220\" height=\"145\" class=\"size-medium wp-image-50 aligncenter\" src=\"https:\/\/www.vitrosurlab.com\/es\/wp-content\/uploads\/2015\/09\/icono-tuproyecto.png\" alt=\"icono-tuproyecto\" \/><\/a><\/p>\n<h3 style=\"text-align: center;\">TU PROYECTO<\/h3>\n<p>&nbsp;<\/p>\n<\/div>\n<div class=\"clear\"><\/div>\n<\/div>\n<div class=\"margen-2\"><\/div>\n<div class=\"cuadro-home sombra\">\n<div class=\"sheet clearfix\">\n<div class=\"doble-subrayado\">\n<h1 class=\"p-home\">VITROSUR LAB<\/h1>\n<h2 class=\"p-home\">Laboratorio especializado en la investigaci\u00f3n y producci\u00f3n de plantas sanas<\/h2>\n<\/div>\n<div class=\"margen-2\"><\/div>\n<div class=\"three_fourth centrar centrado\">\n<p><strong>Vitrosur Lab<\/strong> se cre\u00f3 con el objetivo de acelerar procesos de multiplicaci\u00f3n y selecci\u00f3n de semillas de Algod\u00f3n a trav\u00e9s del cultivo de tejido. Una vez lograda la infraestructura se consider\u00f3 la posibilidad de contribuir con la multiplicaci\u00f3n de especies de inter\u00e9s local e internacional. Esto trajo como consecuencia la diversificaci\u00f3n de tecnolog\u00edas y la especializaci\u00f3n en la producci\u00f3n, comercializaci\u00f3n y exportaci\u00f3n de vitroplantas, microtub\u00e9rculos y bulbos. Varios a\u00f1os de trabajo le han permitido a <strong>Vitrosur Lab<\/strong> desarrollar y adecuar tecnolog\u00edas de micropropagaci\u00f3n y colaborar con empresas en la producci\u00f3n de plantas.<\/p>\n<\/div>\n<\/div>\n<\/div>\n<div class=\"margen-2\"><\/div>\n<div class=\"sheet clearfix\">\n<div id=\"owl-carousel-889180082\" class=\"owl-carousel owl-carousel-logo-home-colaboracion\"  data-items=\"3\"  data-autoplay=\"true\" >\n<div class=\"item\">\n<div class=\"owl-carousel-item-text\"><a href=\"https:\/\/www.vitrosurlab.com\/es\/wp-content\/uploads\/2015\/09\/logo-wageningerun.png\"><img loading=\"lazy\" decoding=\"async\" src=\"https:\/\/www.vitrosurlab.com\/es\/wp-content\/uploads\/2015\/09\/logo-wageningerun.png\" alt=\"logo-wageningerun\" width=\"200\" height=\"200\" class=\"aligncenter size-full wp-image-81\" srcset=\"https:\/\/vitrosurlab.com\/es\/wp-content\/uploads\/2015\/09\/logo-wageningerun.png 200w, https:\/\/vitrosurlab.com\/es\/wp-content\/uploads\/2015\/09\/logo-wageningerun-150x150.png 150w\" sizes=\"auto, (max-width: 200px) 100vw, 200px\" \/><\/a><\/div>\n<\/div>\n<div class=\"item\">\n<div class=\"owl-carousel-item-text\"><a href=\"https:\/\/www.vitrosurlab.com\/es\/wp-content\/uploads\/2015\/09\/logo-cicytex.png\"><img loading=\"lazy\" decoding=\"async\" src=\"https:\/\/www.vitrosurlab.com\/es\/wp-content\/uploads\/2015\/09\/logo-cicytex.png\" alt=\"logo-cicytex\" width=\"200\" height=\"200\" class=\"aligncenter size-full wp-image-77\" srcset=\"https:\/\/vitrosurlab.com\/es\/wp-content\/uploads\/2015\/09\/logo-cicytex.png 200w, https:\/\/vitrosurlab.com\/es\/wp-content\/uploads\/2015\/09\/logo-cicytex-150x150.png 150w\" sizes=\"auto, (max-width: 200px) 100vw, 200px\" \/><\/a><\/div>\n<\/div>\n<div class=\"item\">\n<div class=\"owl-carousel-item-text\"><a href=\"https:\/\/www.vitrosurlab.com\/es\/wp-content\/uploads\/2015\/09\/logo-inia.png\"><img loading=\"lazy\" decoding=\"async\" src=\"https:\/\/www.vitrosurlab.com\/es\/wp-content\/uploads\/2015\/09\/logo-inia.png\" alt=\"logo-inia\" width=\"200\" height=\"200\" class=\"aligncenter size-full wp-image-79\" srcset=\"https:\/\/vitrosurlab.com\/es\/wp-content\/uploads\/2015\/09\/logo-inia.png 200w, https:\/\/vitrosurlab.com\/es\/wp-content\/uploads\/2015\/09\/logo-inia-150x150.png 150w\" sizes=\"auto, (max-width: 200px) 100vw, 200px\" \/><\/a><\/div>\n<\/div>\n<div class=\"item\">\n<div class=\"owl-carousel-item-text\"><a href=\"https:\/\/www.vitrosurlab.com\/es\/wp-content\/uploads\/2015\/09\/logo-universidad-cordoba.png\"><img loading=\"lazy\" decoding=\"async\" src=\"https:\/\/www.vitrosurlab.com\/es\/wp-content\/uploads\/2015\/09\/logo-universidad-cordoba.png\" alt=\"logo-universidad-cordoba\" width=\"200\" height=\"200\" class=\"aligncenter size-full wp-image-80\" srcset=\"https:\/\/vitrosurlab.com\/es\/wp-content\/uploads\/2015\/09\/logo-universidad-cordoba.png 200w, https:\/\/vitrosurlab.com\/es\/wp-content\/uploads\/2015\/09\/logo-universidad-cordoba-150x150.png 150w\" sizes=\"auto, (max-width: 200px) 100vw, 200px\" \/><\/a><\/div>\n<\/div>\n<div class=\"item\">\n<div class=\"owl-carousel-item-text\"><img loading=\"lazy\" decoding=\"async\" src=\"https:\/\/www.vitrosurlab.com\/es\/wp-content\/uploads\/2015\/09\/logo-ibp.png\" alt=\"logo-ibp\" width=\"200\" height=\"200\" class=\"aligncenter size-full wp-image-78\" srcset=\"https:\/\/vitrosurlab.com\/es\/wp-content\/uploads\/2015\/09\/logo-ibp.png 200w, https:\/\/vitrosurlab.com\/es\/wp-content\/uploads\/2015\/09\/logo-ibp-150x150.png 150w\" sizes=\"auto, (max-width: 200px) 100vw, 200px\" \/><\/div>\n<\/div>\n<\/div>\n<\/div>\n<div class=\"margen-2\"><\/div>\n","protected":false},"excerpt":{"rendered":"<p>INVESTIGACI\u00d3N &nbsp; CULTIVOS &nbsp; TU PROYECTO &nbsp; VITROSUR LAB Laboratorio especializado en la investigaci\u00f3n y producci\u00f3n de plantas sanas Vitrosur Lab se cre\u00f3 con el objetivo de acelerar procesos de multiplicaci\u00f3n y selecci\u00f3n de semillas de Algod\u00f3n a trav\u00e9s del cultivo de tejido. Una vez lograda la infraestructura se consider\u00f3 la posibilidad de contribuir con [&hellip;]<\/p>\n","protected":false},"author":2,"featured_media":0,"parent":0,"menu_order":0,"comment_status":"closed","ping_status":"closed","template":"diseno-home.php","meta":{"footnotes":""},"class_list":["post-8","page","type-page","status-publish","hentry"],"yoast_head":"<!-- This site is optimized with the Yoast SEO plugin v23.8 - https:\/\/yoast.com\/wordpress\/plugins\/seo\/ -->\n<title>Inicio - Vitrosur Lab<\/title>\n<meta name=\"robots\" content=\"index, follow, max-snippet:-1, max-image-preview:large, max-video-preview:-1\" \/>\n<link rel=\"canonical\" href=\"https:\/\/vitrosurlab.com\/es\/\" \/>\n<meta property=\"og:locale\" content=\"es_ES\" \/>\n<meta property=\"og:type\" content=\"article\" \/>\n<meta property=\"og:title\" content=\"Inicio - Vitrosur Lab\" \/>\n<meta property=\"og:description\" content=\"INVESTIGACI\u00d3N &nbsp; CULTIVOS &nbsp; TU PROYECTO &nbsp; VITROSUR LAB Laboratorio especializado en la investigaci\u00f3n y producci\u00f3n de plantas sanas Vitrosur Lab se cre\u00f3 con el objetivo de acelerar procesos de multiplicaci\u00f3n y selecci\u00f3n de semillas de Algod\u00f3n a trav\u00e9s del cultivo de tejido. Una vez lograda la infraestructura se consider\u00f3 la posibilidad de contribuir con [&hellip;]\" \/>\n<meta property=\"og:url\" content=\"https:\/\/vitrosurlab.com\/es\/\" \/>\n<meta property=\"og:site_name\" content=\"Vitrosur Lab\" \/>\n<meta property=\"article:modified_time\" content=\"2015-10-29T16:07:17+00:00\" \/>\n<meta property=\"og:image\" content=\"https:\/\/www.vitrosurlab.com\/es\/wp-content\/uploads\/2015\/09\/icono-investigacion.png\" \/>\n<meta name=\"twitter:label1\" content=\"Tiempo de lectura\" \/>\n\t<meta name=\"twitter:data1\" content=\"1 minuto\" \/>\n<script type=\"application\/ld+json\" class=\"yoast-schema-graph\">{\"@context\":\"https:\/\/schema.org\",\"@graph\":[{\"@type\":\"WebPage\",\"@id\":\"https:\/\/vitrosurlab.com\/es\/\",\"url\":\"https:\/\/vitrosurlab.com\/es\/\",\"name\":\"Inicio - Vitrosur Lab\",\"isPartOf\":{\"@id\":\"https:\/\/vitrosurlab.com\/es\/#website\"},\"primaryImageOfPage\":{\"@id\":\"https:\/\/vitrosurlab.com\/es\/#primaryimage\"},\"image\":{\"@id\":\"https:\/\/vitrosurlab.com\/es\/#primaryimage\"},\"thumbnailUrl\":\"https:\/\/www.vitrosurlab.com\/es\/wp-content\/uploads\/2015\/09\/icono-investigacion.png\",\"datePublished\":\"2015-09-24T07:42:44+00:00\",\"dateModified\":\"2015-10-29T16:07:17+00:00\",\"breadcrumb\":{\"@id\":\"https:\/\/vitrosurlab.com\/es\/#breadcrumb\"},\"inLanguage\":\"es\",\"potentialAction\":[{\"@type\":\"ReadAction\",\"target\":[\"https:\/\/vitrosurlab.com\/es\/\"]}]},{\"@type\":\"ImageObject\",\"inLanguage\":\"es\",\"@id\":\"https:\/\/vitrosurlab.com\/es\/#primaryimage\",\"url\":\"https:\/\/www.vitrosurlab.com\/es\/wp-content\/uploads\/2015\/09\/icono-investigacion.png\",\"contentUrl\":\"https:\/\/www.vitrosurlab.com\/es\/wp-content\/uploads\/2015\/09\/icono-investigacion.png\"},{\"@type\":\"BreadcrumbList\",\"@id\":\"https:\/\/vitrosurlab.com\/es\/#breadcrumb\",\"itemListElement\":[{\"@type\":\"ListItem\",\"position\":1,\"name\":\"Portada\",\"item\":\"https:\/\/vitrosurlab.com\/es\/\"},{\"@type\":\"ListItem\",\"position\":2,\"name\":\"Inicio\"}]},{\"@type\":\"WebSite\",\"@id\":\"https:\/\/vitrosurlab.com\/es\/#website\",\"url\":\"https:\/\/vitrosurlab.com\/es\/\",\"name\":\"Vitrosur Lab\",\"description\":\"Laboratorio especializado en la investigaci\u00f3n y producci\u00f3n de plantas sanas.\",\"potentialAction\":[{\"@type\":\"SearchAction\",\"target\":{\"@type\":\"EntryPoint\",\"urlTemplate\":\"https:\/\/vitrosurlab.com\/es\/?s={search_term_string}\"},\"query-input\":{\"@type\":\"PropertyValueSpecification\",\"valueRequired\":true,\"valueName\":\"search_term_string\"}}],\"inLanguage\":\"es\"}]}<\/script>\n<!-- \/ Yoast SEO plugin. -->","yoast_head_json":{"title":"Inicio - Vitrosur Lab","robots":{"index":"index","follow":"follow","max-snippet":"max-snippet:-1","max-image-preview":"max-image-preview:large","max-video-preview":"max-video-preview:-1"},"canonical":"https:\/\/vitrosurlab.com\/es\/","og_locale":"es_ES","og_type":"article","og_title":"Inicio - Vitrosur Lab","og_description":"INVESTIGACI\u00d3N &nbsp; CULTIVOS &nbsp; TU PROYECTO &nbsp; VITROSUR LAB Laboratorio especializado en la investigaci\u00f3n y producci\u00f3n de plantas sanas Vitrosur Lab se cre\u00f3 con el objetivo de acelerar procesos de multiplicaci\u00f3n y selecci\u00f3n de semillas de Algod\u00f3n a trav\u00e9s del cultivo de tejido. Una vez lograda la infraestructura se consider\u00f3 la posibilidad de contribuir con [&hellip;]","og_url":"https:\/\/vitrosurlab.com\/es\/","og_site_name":"Vitrosur Lab","article_modified_time":"2015-10-29T16:07:17+00:00","og_image":[{"url":"https:\/\/www.vitrosurlab.com\/es\/wp-content\/uploads\/2015\/09\/icono-investigacion.png"}],"twitter_misc":{"Tiempo de lectura":"1 minuto"},"schema":{"@context":"https:\/\/schema.org","@graph":[{"@type":"WebPage","@id":"https:\/\/vitrosurlab.com\/es\/","url":"https:\/\/vitrosurlab.com\/es\/","name":"Inicio - Vitrosur Lab","isPartOf":{"@id":"https:\/\/vitrosurlab.com\/es\/#website"},"primaryImageOfPage":{"@id":"https:\/\/vitrosurlab.com\/es\/#primaryimage"},"image":{"@id":"https:\/\/vitrosurlab.com\/es\/#primaryimage"},"thumbnailUrl":"https:\/\/www.vitrosurlab.com\/es\/wp-content\/uploads\/2015\/09\/icono-investigacion.png","datePublished":"2015-09-24T07:42:44+00:00","dateModified":"2015-10-29T16:07:17+00:00","breadcrumb":{"@id":"https:\/\/vitrosurlab.com\/es\/#breadcrumb"},"inLanguage":"es","potentialAction":[{"@type":"ReadAction","target":["https:\/\/vitrosurlab.com\/es\/"]}]},{"@type":"ImageObject","inLanguage":"es","@id":"https:\/\/vitrosurlab.com\/es\/#primaryimage","url":"https:\/\/www.vitrosurlab.com\/es\/wp-content\/uploads\/2015\/09\/icono-investigacion.png","contentUrl":"https:\/\/www.vitrosurlab.com\/es\/wp-content\/uploads\/2015\/09\/icono-investigacion.png"},{"@type":"BreadcrumbList","@id":"https:\/\/vitrosurlab.com\/es\/#breadcrumb","itemListElement":[{"@type":"ListItem","position":1,"name":"Portada","item":"https:\/\/vitrosurlab.com\/es\/"},{"@type":"ListItem","position":2,"name":"Inicio"}]},{"@type":"WebSite","@id":"https:\/\/vitrosurlab.com\/es\/#website","url":"https:\/\/vitrosurlab.com\/es\/","name":"Vitrosur Lab","description":"Laboratorio especializado en la investigaci\u00f3n y producci\u00f3n de plantas sanas.","potentialAction":[{"@type":"SearchAction","target":{"@type":"EntryPoint","urlTemplate":"https:\/\/vitrosurlab.com\/es\/?s={search_term_string}"},"query-input":{"@type":"PropertyValueSpecification","valueRequired":true,"valueName":"search_term_string"}}],"inLanguage":"es"}]}},"_links":{"self":[{"href":"https:\/\/vitrosurlab.com\/es\/wp-json\/wp\/v2\/pages\/8","targetHints":{"allow":["GET"]}}],"collection":[{"href":"https:\/\/vitrosurlab.com\/es\/wp-json\/wp\/v2\/pages"}],"about":[{"href":"https:\/\/vitrosurlab.com\/es\/wp-json\/wp\/v2\/types\/page"}],"author":[{"embeddable":true,"href":"https:\/\/vitrosurlab.com\/es\/wp-json\/wp\/v2\/users\/2"}],"replies":[{"embeddable":true,"href":"https:\/\/vitrosurlab.com\/es\/wp-json\/wp\/v2\/comments?post=8"}],"version-history":[{"count":5,"href":"https:\/\/vitrosurlab.com\/es\/wp-json\/wp\/v2\/pages\/8\/revisions"}],"predecessor-version":[{"id":316,"href":"https:\/\/vitrosurlab.com\/es\/wp-json\/wp\/v2\/pages\/8\/revisions\/316"}],"wp:attachment":[{"href":"https:\/\/vitrosurlab.com\/es\/wp-json\/wp\/v2\/media?parent=8"}],"curies":[{"name":"wp","href":"https:\/\/api.w.org\/{rel}","templated":true}]}}