{"id":16,"date":"2015-09-24T07:52:06","date_gmt":"2015-09-24T07:52:06","guid":{"rendered":"https:\/\/www.vitrosurlab.com\/es\/?page_id=16"},"modified":"2015-11-04T09:59:05","modified_gmt":"2015-11-04T09:59:05","slug":"actividades","status":"publish","type":"page","link":"https:\/\/vitrosurlab.com\/es\/actividades\/","title":{"rendered":"Actividades"},"content":{"rendered":"<div class=\"one_half\" style=\"text-align: justify;\">Esta \u00e1rea cuenta con una Laboratorio de producci\u00f3n de plantas con capacidad de producci\u00f3n anual de 10 millones de plantas in vitro. Contamos con c\u00e1maras de cultivo con luz artificial, c\u00e1maras de crecimiento con luz natural as\u00ed como cuartos oscuros para la producci\u00f3n de bulbos de flores y microtub\u00e9rculos de patatas. Toda esta infraestructura ha permitido asumir la propagaci\u00f3n de plantas de diferentes especies como patata, le\u00f1osas, ca\u00f1a de az\u00facar, boniato, stevia y ornamentales, entre otros.<\/div>\n<div class=\"one_half last\"><img loading=\"lazy\" decoding=\"async\" class=\"aligncenter size-full wp-image-337\" src=\"https:\/\/www.vitrosurlab.com\/es\/wp-content\/uploads\/2015\/09\/actividades.jpg\" alt=\"actividades\" width=\"600\" height=\"400\" srcset=\"https:\/\/vitrosurlab.com\/es\/wp-content\/uploads\/2015\/09\/actividades.jpg 600w, https:\/\/vitrosurlab.com\/es\/wp-content\/uploads\/2015\/09\/actividades-300x200.jpg 300w\" sizes=\"auto, (max-width: 600px) 100vw, 600px\" \/><\/div>\n<div class=\"clear\"><\/div>\n","protected":false},"excerpt":{"rendered":"<p>Esta \u00e1rea cuenta con una Laboratorio de producci\u00f3n de plantas con capacidad de producci\u00f3n anual de 10 millones de plantas in vitro. Contamos con c\u00e1maras de cultivo con luz artificial, c\u00e1maras de crecimiento con luz natural as\u00ed como cuartos oscuros para la producci\u00f3n de bulbos de flores y microtub\u00e9rculos de patatas. Toda esta infraestructura ha [&hellip;]<\/p>\n","protected":false},"author":2,"featured_media":0,"parent":0,"menu_order":0,"comment_status":"closed","ping_status":"closed","template":"","meta":{"footnotes":""},"class_list":["post-16","page","type-page","status-publish","hentry"],"yoast_head":"<!-- This site is optimized with the Yoast SEO plugin v23.8 - https:\/\/yoast.com\/wordpress\/plugins\/seo\/ -->\n<title>Actividades - Vitrosur Lab<\/title>\n<meta name=\"robots\" content=\"index, follow, max-snippet:-1, max-image-preview:large, max-video-preview:-1\" \/>\n<link rel=\"canonical\" href=\"https:\/\/vitrosurlab.com\/es\/actividades\/\" \/>\n<meta property=\"og:locale\" content=\"es_ES\" \/>\n<meta property=\"og:type\" content=\"article\" \/>\n<meta property=\"og:title\" content=\"Actividades - Vitrosur Lab\" \/>\n<meta property=\"og:description\" content=\"Esta \u00e1rea cuenta con una Laboratorio de producci\u00f3n de plantas con capacidad de producci\u00f3n anual de 10 millones de plantas in vitro. Contamos con c\u00e1maras de cultivo con luz artificial, c\u00e1maras de crecimiento con luz natural as\u00ed como cuartos oscuros para la producci\u00f3n de bulbos de flores y microtub\u00e9rculos de patatas. Toda esta infraestructura ha [&hellip;]\" \/>\n<meta property=\"og:url\" content=\"https:\/\/vitrosurlab.com\/es\/actividades\/\" \/>\n<meta property=\"og:site_name\" content=\"Vitrosur Lab\" \/>\n<meta property=\"article:modified_time\" content=\"2015-11-04T09:59:05+00:00\" \/>\n<meta property=\"og:image\" content=\"https:\/\/www.vitrosurlab.com\/es\/wp-content\/uploads\/2015\/09\/actividades.jpg\" \/>\n<script type=\"application\/ld+json\" class=\"yoast-schema-graph\">{\"@context\":\"https:\/\/schema.org\",\"@graph\":[{\"@type\":\"WebPage\",\"@id\":\"https:\/\/vitrosurlab.com\/es\/actividades\/\",\"url\":\"https:\/\/vitrosurlab.com\/es\/actividades\/\",\"name\":\"Actividades - Vitrosur Lab\",\"isPartOf\":{\"@id\":\"https:\/\/vitrosurlab.com\/es\/#website\"},\"primaryImageOfPage\":{\"@id\":\"https:\/\/vitrosurlab.com\/es\/actividades\/#primaryimage\"},\"image\":{\"@id\":\"https:\/\/vitrosurlab.com\/es\/actividades\/#primaryimage\"},\"thumbnailUrl\":\"https:\/\/www.vitrosurlab.com\/es\/wp-content\/uploads\/2015\/09\/actividades.jpg\",\"datePublished\":\"2015-09-24T07:52:06+00:00\",\"dateModified\":\"2015-11-04T09:59:05+00:00\",\"breadcrumb\":{\"@id\":\"https:\/\/vitrosurlab.com\/es\/actividades\/#breadcrumb\"},\"inLanguage\":\"es\",\"potentialAction\":[{\"@type\":\"ReadAction\",\"target\":[\"https:\/\/vitrosurlab.com\/es\/actividades\/\"]}]},{\"@type\":\"ImageObject\",\"inLanguage\":\"es\",\"@id\":\"https:\/\/vitrosurlab.com\/es\/actividades\/#primaryimage\",\"url\":\"https:\/\/www.vitrosurlab.com\/es\/wp-content\/uploads\/2015\/09\/actividades.jpg\",\"contentUrl\":\"https:\/\/www.vitrosurlab.com\/es\/wp-content\/uploads\/2015\/09\/actividades.jpg\"},{\"@type\":\"BreadcrumbList\",\"@id\":\"https:\/\/vitrosurlab.com\/es\/actividades\/#breadcrumb\",\"itemListElement\":[{\"@type\":\"ListItem\",\"position\":1,\"name\":\"Portada\",\"item\":\"https:\/\/vitrosurlab.com\/es\/\"},{\"@type\":\"ListItem\",\"position\":2,\"name\":\"Actividades\"}]},{\"@type\":\"WebSite\",\"@id\":\"https:\/\/vitrosurlab.com\/es\/#website\",\"url\":\"https:\/\/vitrosurlab.com\/es\/\",\"name\":\"Vitrosur Lab\",\"description\":\"Laboratorio especializado en la investigaci\u00f3n y producci\u00f3n de plantas sanas.\",\"potentialAction\":[{\"@type\":\"SearchAction\",\"target\":{\"@type\":\"EntryPoint\",\"urlTemplate\":\"https:\/\/vitrosurlab.com\/es\/?s={search_term_string}\"},\"query-input\":{\"@type\":\"PropertyValueSpecification\",\"valueRequired\":true,\"valueName\":\"search_term_string\"}}],\"inLanguage\":\"es\"}]}<\/script>\n<!-- \/ Yoast SEO plugin. -->","yoast_head_json":{"title":"Actividades - Vitrosur Lab","robots":{"index":"index","follow":"follow","max-snippet":"max-snippet:-1","max-image-preview":"max-image-preview:large","max-video-preview":"max-video-preview:-1"},"canonical":"https:\/\/vitrosurlab.com\/es\/actividades\/","og_locale":"es_ES","og_type":"article","og_title":"Actividades - Vitrosur Lab","og_description":"Esta \u00e1rea cuenta con una Laboratorio de producci\u00f3n de plantas con capacidad de producci\u00f3n anual de 10 millones de plantas in vitro. Contamos con c\u00e1maras de cultivo con luz artificial, c\u00e1maras de crecimiento con luz natural as\u00ed como cuartos oscuros para la producci\u00f3n de bulbos de flores y microtub\u00e9rculos de patatas. Toda esta infraestructura ha [&hellip;]","og_url":"https:\/\/vitrosurlab.com\/es\/actividades\/","og_site_name":"Vitrosur Lab","article_modified_time":"2015-11-04T09:59:05+00:00","og_image":[{"url":"https:\/\/www.vitrosurlab.com\/es\/wp-content\/uploads\/2015\/09\/actividades.jpg"}],"schema":{"@context":"https:\/\/schema.org","@graph":[{"@type":"WebPage","@id":"https:\/\/vitrosurlab.com\/es\/actividades\/","url":"https:\/\/vitrosurlab.com\/es\/actividades\/","name":"Actividades - Vitrosur Lab","isPartOf":{"@id":"https:\/\/vitrosurlab.com\/es\/#website"},"primaryImageOfPage":{"@id":"https:\/\/vitrosurlab.com\/es\/actividades\/#primaryimage"},"image":{"@id":"https:\/\/vitrosurlab.com\/es\/actividades\/#primaryimage"},"thumbnailUrl":"https:\/\/www.vitrosurlab.com\/es\/wp-content\/uploads\/2015\/09\/actividades.jpg","datePublished":"2015-09-24T07:52:06+00:00","dateModified":"2015-11-04T09:59:05+00:00","breadcrumb":{"@id":"https:\/\/vitrosurlab.com\/es\/actividades\/#breadcrumb"},"inLanguage":"es","potentialAction":[{"@type":"ReadAction","target":["https:\/\/vitrosurlab.com\/es\/actividades\/"]}]},{"@type":"ImageObject","inLanguage":"es","@id":"https:\/\/vitrosurlab.com\/es\/actividades\/#primaryimage","url":"https:\/\/www.vitrosurlab.com\/es\/wp-content\/uploads\/2015\/09\/actividades.jpg","contentUrl":"https:\/\/www.vitrosurlab.com\/es\/wp-content\/uploads\/2015\/09\/actividades.jpg"},{"@type":"BreadcrumbList","@id":"https:\/\/vitrosurlab.com\/es\/actividades\/#breadcrumb","itemListElement":[{"@type":"ListItem","position":1,"name":"Portada","item":"https:\/\/vitrosurlab.com\/es\/"},{"@type":"ListItem","position":2,"name":"Actividades"}]},{"@type":"WebSite","@id":"https:\/\/vitrosurlab.com\/es\/#website","url":"https:\/\/vitrosurlab.com\/es\/","name":"Vitrosur Lab","description":"Laboratorio especializado en la investigaci\u00f3n y producci\u00f3n de plantas sanas.","potentialAction":[{"@type":"SearchAction","target":{"@type":"EntryPoint","urlTemplate":"https:\/\/vitrosurlab.com\/es\/?s={search_term_string}"},"query-input":{"@type":"PropertyValueSpecification","valueRequired":true,"valueName":"search_term_string"}}],"inLanguage":"es"}]}},"_links":{"self":[{"href":"https:\/\/vitrosurlab.com\/es\/wp-json\/wp\/v2\/pages\/16","targetHints":{"allow":["GET"]}}],"collection":[{"href":"https:\/\/vitrosurlab.com\/es\/wp-json\/wp\/v2\/pages"}],"about":[{"href":"https:\/\/vitrosurlab.com\/es\/wp-json\/wp\/v2\/types\/page"}],"author":[{"embeddable":true,"href":"https:\/\/vitrosurlab.com\/es\/wp-json\/wp\/v2\/users\/2"}],"replies":[{"embeddable":true,"href":"https:\/\/vitrosurlab.com\/es\/wp-json\/wp\/v2\/comments?post=16"}],"version-history":[{"count":5,"href":"https:\/\/vitrosurlab.com\/es\/wp-json\/wp\/v2\/pages\/16\/revisions"}],"predecessor-version":[{"id":363,"href":"https:\/\/vitrosurlab.com\/es\/wp-json\/wp\/v2\/pages\/16\/revisions\/363"}],"wp:attachment":[{"href":"https:\/\/vitrosurlab.com\/es\/wp-json\/wp\/v2\/media?parent=16"}],"curies":[{"name":"wp","href":"https:\/\/api.w.org\/{rel}","templated":true}]}}