{"id":150,"date":"2015-10-21T11:11:32","date_gmt":"2015-10-21T11:11:32","guid":{"rendered":"https:\/\/www.vitrosurlab.com\/es\/?page_id=150"},"modified":"2015-11-03T15:54:46","modified_gmt":"2015-11-03T15:54:46","slug":"1o-formacion","status":"publish","type":"page","link":"https:\/\/vitrosurlab.com\/es\/actividades\/1o-formacion\/","title":{"rendered":"1\u00ba Formaci\u00f3n"},"content":{"rendered":"<div class=\"one_half\">\n<img loading=\"lazy\" decoding=\"async\" src=\"https:\/\/www.vitrosurlab.com\/es\/wp-content\/uploads\/2015\/10\/1-formacion.jpg\" alt=\"1-formacion\" width=\"800\" height=\"533\" class=\"aligncenter size-full wp-image-356\" srcset=\"https:\/\/vitrosurlab.com\/es\/wp-content\/uploads\/2015\/10\/1-formacion.jpg 800w, https:\/\/vitrosurlab.com\/es\/wp-content\/uploads\/2015\/10\/1-formacion-300x200.jpg 300w\" sizes=\"auto, (max-width: 800px) 100vw, 800px\" \/>\n<\/div>\n<div class=\"one_half last\">\n<h3>Formaci\u00f3n de personal<\/h3>\n<p><strong>Vitrosur Lab<\/strong> ofrece la posibilidad de realizar cursos de entrenamientos en diversas \u00e1reas. Se proporcionan conocimientos te\u00f3ricos, as\u00ed como pr\u00e1cticos sobre las t\u00e9cnicas biotecnol\u00f3gicas aplicadas en el cultivo de tejidos.<\/p>\n<p>Cursos y entrenamientos cortos dirigidos a personal que labora en medio de cultivo, cabinas de flujo laminar, control de calidad y producci\u00f3n y Direcci\u00f3n de Laboratorio de producci\u00f3n de plantas.<\/p>\n<\/div>\n<div class=\"clear\"><\/div>\n<div class=\"one_fifth\">\n<img loading=\"lazy\" decoding=\"async\" src=\"https:\/\/www.vitrosurlab.com\/es\/wp-content\/uploads\/2015\/09\/logo-wageningerun.png\" alt=\"logo-wageningerun\" width=\"200\" height=\"200\" class=\"aligncenter size-full wp-image-81\" srcset=\"https:\/\/vitrosurlab.com\/es\/wp-content\/uploads\/2015\/09\/logo-wageningerun.png 200w, https:\/\/vitrosurlab.com\/es\/wp-content\/uploads\/2015\/09\/logo-wageningerun-150x150.png 150w\" sizes=\"auto, (max-width: 200px) 100vw, 200px\" \/>\n<\/div>\n<div class=\"one_fifth\">\n<img loading=\"lazy\" decoding=\"async\" src=\"https:\/\/www.vitrosurlab.com\/es\/wp-content\/uploads\/2015\/09\/logo-universidad-cordoba.png\" alt=\"logo-universidad-cordoba\" width=\"200\" height=\"200\" class=\"aligncenter size-full wp-image-80\" srcset=\"https:\/\/vitrosurlab.com\/es\/wp-content\/uploads\/2015\/09\/logo-universidad-cordoba.png 200w, https:\/\/vitrosurlab.com\/es\/wp-content\/uploads\/2015\/09\/logo-universidad-cordoba-150x150.png 150w\" sizes=\"auto, (max-width: 200px) 100vw, 200px\" \/>\n<\/div>\n<div class=\"one_fifth\">\n<img loading=\"lazy\" decoding=\"async\" src=\"https:\/\/www.vitrosurlab.com\/es\/wp-content\/uploads\/2015\/09\/logo-inia.png\" alt=\"logo-inia\" width=\"200\" height=\"200\" class=\"aligncenter size-full wp-image-79\" srcset=\"https:\/\/vitrosurlab.com\/es\/wp-content\/uploads\/2015\/09\/logo-inia.png 200w, https:\/\/vitrosurlab.com\/es\/wp-content\/uploads\/2015\/09\/logo-inia-150x150.png 150w\" sizes=\"auto, (max-width: 200px) 100vw, 200px\" \/>\n<\/div>\n<div class=\"one_fifth\">\n<img loading=\"lazy\" decoding=\"async\" src=\"https:\/\/www.vitrosurlab.com\/es\/wp-content\/uploads\/2015\/09\/logo-ibp.png\" alt=\"logo-ibp\" width=\"200\" height=\"200\" class=\"aligncenter size-full wp-image-78\" srcset=\"https:\/\/vitrosurlab.com\/es\/wp-content\/uploads\/2015\/09\/logo-ibp.png 200w, https:\/\/vitrosurlab.com\/es\/wp-content\/uploads\/2015\/09\/logo-ibp-150x150.png 150w\" sizes=\"auto, (max-width: 200px) 100vw, 200px\" \/>\n<\/div>\n<div class=\"one_fifth last\">\n<img loading=\"lazy\" decoding=\"async\" src=\"https:\/\/www.vitrosurlab.com\/es\/wp-content\/uploads\/2015\/09\/logo-cicytex.png\" alt=\"logo-cicytex\" width=\"200\" height=\"200\" class=\"aligncenter size-full wp-image-77\" srcset=\"https:\/\/vitrosurlab.com\/es\/wp-content\/uploads\/2015\/09\/logo-cicytex.png 200w, https:\/\/vitrosurlab.com\/es\/wp-content\/uploads\/2015\/09\/logo-cicytex-150x150.png 150w\" sizes=\"auto, (max-width: 200px) 100vw, 200px\" \/>\n<\/div>\n<div class=\"clear\"><\/div>\n","protected":false},"excerpt":{"rendered":"<p>Formaci\u00f3n de personal Vitrosur Lab ofrece la posibilidad de realizar cursos de entrenamientos en diversas \u00e1reas. Se proporcionan conocimientos te\u00f3ricos, as\u00ed como pr\u00e1cticos sobre las t\u00e9cnicas biotecnol\u00f3gicas aplicadas en el cultivo de tejidos. Cursos y entrenamientos cortos dirigidos a personal que labora en medio de cultivo, cabinas de flujo laminar, control de calidad y producci\u00f3n [&hellip;]<\/p>\n","protected":false},"author":2,"featured_media":0,"parent":16,"menu_order":0,"comment_status":"closed","ping_status":"closed","template":"","meta":{"footnotes":""},"class_list":["post-150","page","type-page","status-publish","hentry"],"yoast_head":"<!-- This site is optimized with the Yoast SEO plugin v23.8 - https:\/\/yoast.com\/wordpress\/plugins\/seo\/ -->\n<title>1\u00ba Formaci\u00f3n - Vitrosur Lab<\/title>\n<meta name=\"robots\" content=\"index, follow, max-snippet:-1, max-image-preview:large, max-video-preview:-1\" \/>\n<link rel=\"canonical\" href=\"https:\/\/vitrosurlab.com\/es\/actividades\/1o-formacion\/\" \/>\n<meta property=\"og:locale\" content=\"es_ES\" \/>\n<meta property=\"og:type\" content=\"article\" \/>\n<meta property=\"og:title\" content=\"1\u00ba Formaci\u00f3n - Vitrosur Lab\" \/>\n<meta property=\"og:description\" content=\"Formaci\u00f3n de personal Vitrosur Lab ofrece la posibilidad de realizar cursos de entrenamientos en diversas \u00e1reas. Se proporcionan conocimientos te\u00f3ricos, as\u00ed como pr\u00e1cticos sobre las t\u00e9cnicas biotecnol\u00f3gicas aplicadas en el cultivo de tejidos. Cursos y entrenamientos cortos dirigidos a personal que labora en medio de cultivo, cabinas de flujo laminar, control de calidad y producci\u00f3n [&hellip;]\" \/>\n<meta property=\"og:url\" content=\"https:\/\/vitrosurlab.com\/es\/actividades\/1o-formacion\/\" \/>\n<meta property=\"og:site_name\" content=\"Vitrosur Lab\" \/>\n<meta property=\"article:modified_time\" content=\"2015-11-03T15:54:46+00:00\" \/>\n<meta property=\"og:image\" content=\"https:\/\/www.vitrosurlab.com\/es\/wp-content\/uploads\/2015\/10\/1-formacion.jpg\" \/>\n<script type=\"application\/ld+json\" class=\"yoast-schema-graph\">{\"@context\":\"https:\/\/schema.org\",\"@graph\":[{\"@type\":\"WebPage\",\"@id\":\"https:\/\/vitrosurlab.com\/es\/actividades\/1o-formacion\/\",\"url\":\"https:\/\/vitrosurlab.com\/es\/actividades\/1o-formacion\/\",\"name\":\"1\u00ba Formaci\u00f3n - Vitrosur Lab\",\"isPartOf\":{\"@id\":\"https:\/\/vitrosurlab.com\/es\/#website\"},\"primaryImageOfPage\":{\"@id\":\"https:\/\/vitrosurlab.com\/es\/actividades\/1o-formacion\/#primaryimage\"},\"image\":{\"@id\":\"https:\/\/vitrosurlab.com\/es\/actividades\/1o-formacion\/#primaryimage\"},\"thumbnailUrl\":\"https:\/\/www.vitrosurlab.com\/es\/wp-content\/uploads\/2015\/10\/1-formacion.jpg\",\"datePublished\":\"2015-10-21T11:11:32+00:00\",\"dateModified\":\"2015-11-03T15:54:46+00:00\",\"breadcrumb\":{\"@id\":\"https:\/\/vitrosurlab.com\/es\/actividades\/1o-formacion\/#breadcrumb\"},\"inLanguage\":\"es\",\"potentialAction\":[{\"@type\":\"ReadAction\",\"target\":[\"https:\/\/vitrosurlab.com\/es\/actividades\/1o-formacion\/\"]}]},{\"@type\":\"ImageObject\",\"inLanguage\":\"es\",\"@id\":\"https:\/\/vitrosurlab.com\/es\/actividades\/1o-formacion\/#primaryimage\",\"url\":\"https:\/\/www.vitrosurlab.com\/es\/wp-content\/uploads\/2015\/10\/1-formacion.jpg\",\"contentUrl\":\"https:\/\/www.vitrosurlab.com\/es\/wp-content\/uploads\/2015\/10\/1-formacion.jpg\"},{\"@type\":\"BreadcrumbList\",\"@id\":\"https:\/\/vitrosurlab.com\/es\/actividades\/1o-formacion\/#breadcrumb\",\"itemListElement\":[{\"@type\":\"ListItem\",\"position\":1,\"name\":\"Portada\",\"item\":\"https:\/\/vitrosurlab.com\/es\/\"},{\"@type\":\"ListItem\",\"position\":2,\"name\":\"Actividades\",\"item\":\"https:\/\/vitrosurlab.com\/es\/actividades\/\"},{\"@type\":\"ListItem\",\"position\":3,\"name\":\"1\u00ba Formaci\u00f3n\"}]},{\"@type\":\"WebSite\",\"@id\":\"https:\/\/vitrosurlab.com\/es\/#website\",\"url\":\"https:\/\/vitrosurlab.com\/es\/\",\"name\":\"Vitrosur Lab\",\"description\":\"Laboratorio especializado en la investigaci\u00f3n y producci\u00f3n de plantas sanas.\",\"potentialAction\":[{\"@type\":\"SearchAction\",\"target\":{\"@type\":\"EntryPoint\",\"urlTemplate\":\"https:\/\/vitrosurlab.com\/es\/?s={search_term_string}\"},\"query-input\":{\"@type\":\"PropertyValueSpecification\",\"valueRequired\":true,\"valueName\":\"search_term_string\"}}],\"inLanguage\":\"es\"}]}<\/script>\n<!-- \/ Yoast SEO plugin. -->","yoast_head_json":{"title":"1\u00ba Formaci\u00f3n - Vitrosur Lab","robots":{"index":"index","follow":"follow","max-snippet":"max-snippet:-1","max-image-preview":"max-image-preview:large","max-video-preview":"max-video-preview:-1"},"canonical":"https:\/\/vitrosurlab.com\/es\/actividades\/1o-formacion\/","og_locale":"es_ES","og_type":"article","og_title":"1\u00ba Formaci\u00f3n - Vitrosur Lab","og_description":"Formaci\u00f3n de personal Vitrosur Lab ofrece la posibilidad de realizar cursos de entrenamientos en diversas \u00e1reas. Se proporcionan conocimientos te\u00f3ricos, as\u00ed como pr\u00e1cticos sobre las t\u00e9cnicas biotecnol\u00f3gicas aplicadas en el cultivo de tejidos. Cursos y entrenamientos cortos dirigidos a personal que labora en medio de cultivo, cabinas de flujo laminar, control de calidad y producci\u00f3n [&hellip;]","og_url":"https:\/\/vitrosurlab.com\/es\/actividades\/1o-formacion\/","og_site_name":"Vitrosur Lab","article_modified_time":"2015-11-03T15:54:46+00:00","og_image":[{"url":"https:\/\/www.vitrosurlab.com\/es\/wp-content\/uploads\/2015\/10\/1-formacion.jpg"}],"schema":{"@context":"https:\/\/schema.org","@graph":[{"@type":"WebPage","@id":"https:\/\/vitrosurlab.com\/es\/actividades\/1o-formacion\/","url":"https:\/\/vitrosurlab.com\/es\/actividades\/1o-formacion\/","name":"1\u00ba Formaci\u00f3n - Vitrosur Lab","isPartOf":{"@id":"https:\/\/vitrosurlab.com\/es\/#website"},"primaryImageOfPage":{"@id":"https:\/\/vitrosurlab.com\/es\/actividades\/1o-formacion\/#primaryimage"},"image":{"@id":"https:\/\/vitrosurlab.com\/es\/actividades\/1o-formacion\/#primaryimage"},"thumbnailUrl":"https:\/\/www.vitrosurlab.com\/es\/wp-content\/uploads\/2015\/10\/1-formacion.jpg","datePublished":"2015-10-21T11:11:32+00:00","dateModified":"2015-11-03T15:54:46+00:00","breadcrumb":{"@id":"https:\/\/vitrosurlab.com\/es\/actividades\/1o-formacion\/#breadcrumb"},"inLanguage":"es","potentialAction":[{"@type":"ReadAction","target":["https:\/\/vitrosurlab.com\/es\/actividades\/1o-formacion\/"]}]},{"@type":"ImageObject","inLanguage":"es","@id":"https:\/\/vitrosurlab.com\/es\/actividades\/1o-formacion\/#primaryimage","url":"https:\/\/www.vitrosurlab.com\/es\/wp-content\/uploads\/2015\/10\/1-formacion.jpg","contentUrl":"https:\/\/www.vitrosurlab.com\/es\/wp-content\/uploads\/2015\/10\/1-formacion.jpg"},{"@type":"BreadcrumbList","@id":"https:\/\/vitrosurlab.com\/es\/actividades\/1o-formacion\/#breadcrumb","itemListElement":[{"@type":"ListItem","position":1,"name":"Portada","item":"https:\/\/vitrosurlab.com\/es\/"},{"@type":"ListItem","position":2,"name":"Actividades","item":"https:\/\/vitrosurlab.com\/es\/actividades\/"},{"@type":"ListItem","position":3,"name":"1\u00ba Formaci\u00f3n"}]},{"@type":"WebSite","@id":"https:\/\/vitrosurlab.com\/es\/#website","url":"https:\/\/vitrosurlab.com\/es\/","name":"Vitrosur Lab","description":"Laboratorio especializado en la investigaci\u00f3n y producci\u00f3n de plantas sanas.","potentialAction":[{"@type":"SearchAction","target":{"@type":"EntryPoint","urlTemplate":"https:\/\/vitrosurlab.com\/es\/?s={search_term_string}"},"query-input":{"@type":"PropertyValueSpecification","valueRequired":true,"valueName":"search_term_string"}}],"inLanguage":"es"}]}},"_links":{"self":[{"href":"https:\/\/vitrosurlab.com\/es\/wp-json\/wp\/v2\/pages\/150","targetHints":{"allow":["GET"]}}],"collection":[{"href":"https:\/\/vitrosurlab.com\/es\/wp-json\/wp\/v2\/pages"}],"about":[{"href":"https:\/\/vitrosurlab.com\/es\/wp-json\/wp\/v2\/types\/page"}],"author":[{"embeddable":true,"href":"https:\/\/vitrosurlab.com\/es\/wp-json\/wp\/v2\/users\/2"}],"replies":[{"embeddable":true,"href":"https:\/\/vitrosurlab.com\/es\/wp-json\/wp\/v2\/comments?post=150"}],"version-history":[{"count":5,"href":"https:\/\/vitrosurlab.com\/es\/wp-json\/wp\/v2\/pages\/150\/revisions"}],"predecessor-version":[{"id":357,"href":"https:\/\/vitrosurlab.com\/es\/wp-json\/wp\/v2\/pages\/150\/revisions\/357"}],"up":[{"embeddable":true,"href":"https:\/\/vitrosurlab.com\/es\/wp-json\/wp\/v2\/pages\/16"}],"wp:attachment":[{"href":"https:\/\/vitrosurlab.com\/es\/wp-json\/wp\/v2\/media?parent=150"}],"curies":[{"name":"wp","href":"https:\/\/api.w.org\/{rel}","templated":true}]}}