{"id":148,"date":"2015-10-21T11:11:15","date_gmt":"2015-10-21T11:11:15","guid":{"rendered":"https:\/\/www.vitrosurlab.com\/es\/?page_id=148"},"modified":"2015-10-30T12:43:08","modified_gmt":"2015-10-30T12:43:08","slug":"2o-elaboracion-protocolos-asesoria-tecnica","status":"publish","type":"page","link":"https:\/\/vitrosurlab.com\/es\/actividades\/2o-elaboracion-protocolos-asesoria-tecnica\/","title":{"rendered":"2\u00ba Elaboraci\u00f3n de protocolos y asesor\u00eda t\u00e9cnica"},"content":{"rendered":"<div class=\"one_half\">\n<div class=\"margen-1\"><\/div>\n<p><img loading=\"lazy\" decoding=\"async\" src=\"https:\/\/www.vitrosurlab.com\/es\/wp-content\/uploads\/2015\/10\/elaboracion.jpg\" alt=\"elaboracion\" width=\"600\" height=\"400\" class=\"aligncenter size-full wp-image-339\" srcset=\"https:\/\/vitrosurlab.com\/es\/wp-content\/uploads\/2015\/10\/elaboracion.jpg 600w, https:\/\/vitrosurlab.com\/es\/wp-content\/uploads\/2015\/10\/elaboracion-300x200.jpg 300w\" sizes=\"auto, (max-width: 600px) 100vw, 600px\" \/>\n<\/div>\n<div class=\"one_half last\">\n<h3>Elaboraci\u00f3n de protocolos de micropropagaci\u00f3n para la producci\u00f3n de plantas in vitro de diferentes especies<\/h3>\n<ul>\nAlgunas de las acciones que considera este servicio son:<\/p>\n<ul>\n<li>Protocolo de producci\u00f3n de bulbos de calas y lilium.<\/li>\n<li>Protocolos de micropropagaci\u00f3n v\u00eda organog\u00e9nesis.<\/li>\n<li>Protocolos de producci\u00f3n de microtub\u00e9rculos de papa.<\/li>\n<li>Tecnolog\u00edas de propagaci\u00f3n con empleo de sistemas de inmersi\u00f3n temporal.<\/li>\n<\/ul>\n<h3>Asesor\u00eda T\u00e9cnica<\/h3>\n<p>Asesor\u00eda T\u00e9cnica a Biof\u00e1bricas y Laboratorios de Cultivo de Tejidos.\n<\/p><\/div>\n<div class=\"clear\"><\/div>\n","protected":false},"excerpt":{"rendered":"<p>Elaboraci\u00f3n de protocolos de micropropagaci\u00f3n para la producci\u00f3n de plantas in vitro de diferentes especies Algunas de las acciones que considera este servicio son: Protocolo de producci\u00f3n de bulbos de calas y lilium. Protocolos de micropropagaci\u00f3n v\u00eda organog\u00e9nesis. Protocolos de producci\u00f3n de microtub\u00e9rculos de papa. Tecnolog\u00edas de propagaci\u00f3n con empleo de sistemas de inmersi\u00f3n temporal. [&hellip;]<\/p>\n","protected":false},"author":2,"featured_media":0,"parent":16,"menu_order":0,"comment_status":"closed","ping_status":"closed","template":"","meta":{"footnotes":""},"class_list":["post-148","page","type-page","status-publish","hentry"],"yoast_head":"<!-- This site is optimized with the Yoast SEO plugin v23.8 - https:\/\/yoast.com\/wordpress\/plugins\/seo\/ -->\n<title>2\u00ba Elaboraci\u00f3n de protocolos y asesor\u00eda t\u00e9cnica - Vitrosur Lab<\/title>\n<meta name=\"robots\" content=\"index, follow, max-snippet:-1, max-image-preview:large, max-video-preview:-1\" \/>\n<link rel=\"canonical\" href=\"https:\/\/vitrosurlab.com\/es\/actividades\/2o-elaboracion-protocolos-asesoria-tecnica\/\" \/>\n<meta property=\"og:locale\" content=\"es_ES\" \/>\n<meta property=\"og:type\" content=\"article\" \/>\n<meta property=\"og:title\" content=\"2\u00ba Elaboraci\u00f3n de protocolos y asesor\u00eda t\u00e9cnica - Vitrosur Lab\" \/>\n<meta property=\"og:description\" content=\"Elaboraci\u00f3n de protocolos de micropropagaci\u00f3n para la producci\u00f3n de plantas in vitro de diferentes especies Algunas de las acciones que considera este servicio son: Protocolo de producci\u00f3n de bulbos de calas y lilium. Protocolos de micropropagaci\u00f3n v\u00eda organog\u00e9nesis. Protocolos de producci\u00f3n de microtub\u00e9rculos de papa. Tecnolog\u00edas de propagaci\u00f3n con empleo de sistemas de inmersi\u00f3n temporal. [&hellip;]\" \/>\n<meta property=\"og:url\" content=\"https:\/\/vitrosurlab.com\/es\/actividades\/2o-elaboracion-protocolos-asesoria-tecnica\/\" \/>\n<meta property=\"og:site_name\" content=\"Vitrosur Lab\" \/>\n<meta property=\"article:modified_time\" content=\"2015-10-30T12:43:08+00:00\" \/>\n<meta property=\"og:image\" content=\"https:\/\/www.vitrosurlab.com\/es\/wp-content\/uploads\/2015\/10\/elaboracion.jpg\" \/>\n<script type=\"application\/ld+json\" class=\"yoast-schema-graph\">{\"@context\":\"https:\/\/schema.org\",\"@graph\":[{\"@type\":\"WebPage\",\"@id\":\"https:\/\/vitrosurlab.com\/es\/actividades\/2o-elaboracion-protocolos-asesoria-tecnica\/\",\"url\":\"https:\/\/vitrosurlab.com\/es\/actividades\/2o-elaboracion-protocolos-asesoria-tecnica\/\",\"name\":\"2\u00ba Elaboraci\u00f3n de protocolos y asesor\u00eda t\u00e9cnica - Vitrosur Lab\",\"isPartOf\":{\"@id\":\"https:\/\/vitrosurlab.com\/es\/#website\"},\"primaryImageOfPage\":{\"@id\":\"https:\/\/vitrosurlab.com\/es\/actividades\/2o-elaboracion-protocolos-asesoria-tecnica\/#primaryimage\"},\"image\":{\"@id\":\"https:\/\/vitrosurlab.com\/es\/actividades\/2o-elaboracion-protocolos-asesoria-tecnica\/#primaryimage\"},\"thumbnailUrl\":\"https:\/\/www.vitrosurlab.com\/es\/wp-content\/uploads\/2015\/10\/elaboracion.jpg\",\"datePublished\":\"2015-10-21T11:11:15+00:00\",\"dateModified\":\"2015-10-30T12:43:08+00:00\",\"breadcrumb\":{\"@id\":\"https:\/\/vitrosurlab.com\/es\/actividades\/2o-elaboracion-protocolos-asesoria-tecnica\/#breadcrumb\"},\"inLanguage\":\"es\",\"potentialAction\":[{\"@type\":\"ReadAction\",\"target\":[\"https:\/\/vitrosurlab.com\/es\/actividades\/2o-elaboracion-protocolos-asesoria-tecnica\/\"]}]},{\"@type\":\"ImageObject\",\"inLanguage\":\"es\",\"@id\":\"https:\/\/vitrosurlab.com\/es\/actividades\/2o-elaboracion-protocolos-asesoria-tecnica\/#primaryimage\",\"url\":\"https:\/\/www.vitrosurlab.com\/es\/wp-content\/uploads\/2015\/10\/elaboracion.jpg\",\"contentUrl\":\"https:\/\/www.vitrosurlab.com\/es\/wp-content\/uploads\/2015\/10\/elaboracion.jpg\"},{\"@type\":\"BreadcrumbList\",\"@id\":\"https:\/\/vitrosurlab.com\/es\/actividades\/2o-elaboracion-protocolos-asesoria-tecnica\/#breadcrumb\",\"itemListElement\":[{\"@type\":\"ListItem\",\"position\":1,\"name\":\"Portada\",\"item\":\"https:\/\/vitrosurlab.com\/es\/\"},{\"@type\":\"ListItem\",\"position\":2,\"name\":\"Actividades\",\"item\":\"https:\/\/vitrosurlab.com\/es\/actividades\/\"},{\"@type\":\"ListItem\",\"position\":3,\"name\":\"2\u00ba Elaboraci\u00f3n de protocolos y asesor\u00eda t\u00e9cnica\"}]},{\"@type\":\"WebSite\",\"@id\":\"https:\/\/vitrosurlab.com\/es\/#website\",\"url\":\"https:\/\/vitrosurlab.com\/es\/\",\"name\":\"Vitrosur Lab\",\"description\":\"Laboratorio especializado en la investigaci\u00f3n y producci\u00f3n de plantas sanas.\",\"potentialAction\":[{\"@type\":\"SearchAction\",\"target\":{\"@type\":\"EntryPoint\",\"urlTemplate\":\"https:\/\/vitrosurlab.com\/es\/?s={search_term_string}\"},\"query-input\":{\"@type\":\"PropertyValueSpecification\",\"valueRequired\":true,\"valueName\":\"search_term_string\"}}],\"inLanguage\":\"es\"}]}<\/script>\n<!-- \/ Yoast SEO plugin. -->","yoast_head_json":{"title":"2\u00ba Elaboraci\u00f3n de protocolos y asesor\u00eda t\u00e9cnica - Vitrosur Lab","robots":{"index":"index","follow":"follow","max-snippet":"max-snippet:-1","max-image-preview":"max-image-preview:large","max-video-preview":"max-video-preview:-1"},"canonical":"https:\/\/vitrosurlab.com\/es\/actividades\/2o-elaboracion-protocolos-asesoria-tecnica\/","og_locale":"es_ES","og_type":"article","og_title":"2\u00ba Elaboraci\u00f3n de protocolos y asesor\u00eda t\u00e9cnica - Vitrosur Lab","og_description":"Elaboraci\u00f3n de protocolos de micropropagaci\u00f3n para la producci\u00f3n de plantas in vitro de diferentes especies Algunas de las acciones que considera este servicio son: Protocolo de producci\u00f3n de bulbos de calas y lilium. Protocolos de micropropagaci\u00f3n v\u00eda organog\u00e9nesis. Protocolos de producci\u00f3n de microtub\u00e9rculos de papa. Tecnolog\u00edas de propagaci\u00f3n con empleo de sistemas de inmersi\u00f3n temporal. [&hellip;]","og_url":"https:\/\/vitrosurlab.com\/es\/actividades\/2o-elaboracion-protocolos-asesoria-tecnica\/","og_site_name":"Vitrosur Lab","article_modified_time":"2015-10-30T12:43:08+00:00","og_image":[{"url":"https:\/\/www.vitrosurlab.com\/es\/wp-content\/uploads\/2015\/10\/elaboracion.jpg"}],"schema":{"@context":"https:\/\/schema.org","@graph":[{"@type":"WebPage","@id":"https:\/\/vitrosurlab.com\/es\/actividades\/2o-elaboracion-protocolos-asesoria-tecnica\/","url":"https:\/\/vitrosurlab.com\/es\/actividades\/2o-elaboracion-protocolos-asesoria-tecnica\/","name":"2\u00ba Elaboraci\u00f3n de protocolos y asesor\u00eda t\u00e9cnica - Vitrosur Lab","isPartOf":{"@id":"https:\/\/vitrosurlab.com\/es\/#website"},"primaryImageOfPage":{"@id":"https:\/\/vitrosurlab.com\/es\/actividades\/2o-elaboracion-protocolos-asesoria-tecnica\/#primaryimage"},"image":{"@id":"https:\/\/vitrosurlab.com\/es\/actividades\/2o-elaboracion-protocolos-asesoria-tecnica\/#primaryimage"},"thumbnailUrl":"https:\/\/www.vitrosurlab.com\/es\/wp-content\/uploads\/2015\/10\/elaboracion.jpg","datePublished":"2015-10-21T11:11:15+00:00","dateModified":"2015-10-30T12:43:08+00:00","breadcrumb":{"@id":"https:\/\/vitrosurlab.com\/es\/actividades\/2o-elaboracion-protocolos-asesoria-tecnica\/#breadcrumb"},"inLanguage":"es","potentialAction":[{"@type":"ReadAction","target":["https:\/\/vitrosurlab.com\/es\/actividades\/2o-elaboracion-protocolos-asesoria-tecnica\/"]}]},{"@type":"ImageObject","inLanguage":"es","@id":"https:\/\/vitrosurlab.com\/es\/actividades\/2o-elaboracion-protocolos-asesoria-tecnica\/#primaryimage","url":"https:\/\/www.vitrosurlab.com\/es\/wp-content\/uploads\/2015\/10\/elaboracion.jpg","contentUrl":"https:\/\/www.vitrosurlab.com\/es\/wp-content\/uploads\/2015\/10\/elaboracion.jpg"},{"@type":"BreadcrumbList","@id":"https:\/\/vitrosurlab.com\/es\/actividades\/2o-elaboracion-protocolos-asesoria-tecnica\/#breadcrumb","itemListElement":[{"@type":"ListItem","position":1,"name":"Portada","item":"https:\/\/vitrosurlab.com\/es\/"},{"@type":"ListItem","position":2,"name":"Actividades","item":"https:\/\/vitrosurlab.com\/es\/actividades\/"},{"@type":"ListItem","position":3,"name":"2\u00ba Elaboraci\u00f3n de protocolos y asesor\u00eda t\u00e9cnica"}]},{"@type":"WebSite","@id":"https:\/\/vitrosurlab.com\/es\/#website","url":"https:\/\/vitrosurlab.com\/es\/","name":"Vitrosur Lab","description":"Laboratorio especializado en la investigaci\u00f3n y producci\u00f3n de plantas sanas.","potentialAction":[{"@type":"SearchAction","target":{"@type":"EntryPoint","urlTemplate":"https:\/\/vitrosurlab.com\/es\/?s={search_term_string}"},"query-input":{"@type":"PropertyValueSpecification","valueRequired":true,"valueName":"search_term_string"}}],"inLanguage":"es"}]}},"_links":{"self":[{"href":"https:\/\/vitrosurlab.com\/es\/wp-json\/wp\/v2\/pages\/148","targetHints":{"allow":["GET"]}}],"collection":[{"href":"https:\/\/vitrosurlab.com\/es\/wp-json\/wp\/v2\/pages"}],"about":[{"href":"https:\/\/vitrosurlab.com\/es\/wp-json\/wp\/v2\/types\/page"}],"author":[{"embeddable":true,"href":"https:\/\/vitrosurlab.com\/es\/wp-json\/wp\/v2\/users\/2"}],"replies":[{"embeddable":true,"href":"https:\/\/vitrosurlab.com\/es\/wp-json\/wp\/v2\/comments?post=148"}],"version-history":[{"count":5,"href":"https:\/\/vitrosurlab.com\/es\/wp-json\/wp\/v2\/pages\/148\/revisions"}],"predecessor-version":[{"id":340,"href":"https:\/\/vitrosurlab.com\/es\/wp-json\/wp\/v2\/pages\/148\/revisions\/340"}],"up":[{"embeddable":true,"href":"https:\/\/vitrosurlab.com\/es\/wp-json\/wp\/v2\/pages\/16"}],"wp:attachment":[{"href":"https:\/\/vitrosurlab.com\/es\/wp-json\/wp\/v2\/media?parent=148"}],"curies":[{"name":"wp","href":"https:\/\/api.w.org\/{rel}","templated":true}]}}