{"id":14,"date":"2015-09-24T07:51:43","date_gmt":"2015-09-24T07:51:43","guid":{"rendered":"https:\/\/www.vitrosurlab.com\/es\/?page_id=14"},"modified":"2015-10-30T12:39:42","modified_gmt":"2015-10-30T12:39:42","slug":"tu-proyecto","status":"publish","type":"page","link":"https:\/\/vitrosurlab.com\/es\/tu-proyecto\/","title":{"rendered":"Tu proyecto"},"content":{"rendered":"<p>Esta \u00e1rea cuenta con una Laboratorio de producci\u00f3n de plantas con capacidad de producci\u00f3n anual de 10 millones de plantas in vitro. Contamos con c\u00e1maras de cultivo con luz artificial, c\u00e1maras de crecimiento con luz natural as\u00ed como cuartos oscuros para la producci\u00f3n de bulbos de flores y microtub\u00e9rculos de patatas. Toda esta infraestructura ha permitido asumir la propagaci\u00f3n de plantas de diferentes especies como patata, eucalipto, pawlonia, ca\u00f1a de az\u00facar, boniato, pi\u00f1a, stevia y ornamentales, entre otros.<\/p>\n<div class=\"one_half\"><img loading=\"lazy\" decoding=\"async\" width=\"640\" height=\"427\" class=\"aligncenter size-full wp-image-321\" src=\"https:\/\/www.vitrosurlab.com\/es\/wp-content\/uploads\/2015\/09\/tuproyecto03.jpg\" alt=\"tuproyecto03\" srcset=\"https:\/\/vitrosurlab.com\/es\/wp-content\/uploads\/2015\/09\/tuproyecto03.jpg 640w, https:\/\/vitrosurlab.com\/es\/wp-content\/uploads\/2015\/09\/tuproyecto03-300x200.jpg 300w\" sizes=\"auto, (max-width: 640px) 100vw, 640px\" \/><\/div>\n<div class=\"one_half last\"><img decoding=\"async\" class=\"aligncenter size-full wp-image-330\" src=\"https:\/\/www.vitrosurlab.com\/es\/wp-content\/uploads\/2015\/09\/tuproyecto00.jpg\" alt=\"tuproyecto00\" width=\"420\" srcset=\"https:\/\/vitrosurlab.com\/es\/wp-content\/uploads\/2015\/09\/tuproyecto00.jpg 600w, https:\/\/vitrosurlab.com\/es\/wp-content\/uploads\/2015\/09\/tuproyecto00-300x260.jpg 300w\" sizes=\"(max-width: 600px) 100vw, 600px\" \/><\/div>\n<div class=\"clear\"><\/div>\n<div class=\"centrar proyecto\">\n<h3>Elaboraci\u00f3n de proyectos para la creaci\u00f3n de biof\u00e1bricas en funci\u00f3n de la capacidad productiva deseada:<\/h3>\n<p>Este servicio contempla la transferencia del tipo \u201cllave en mano\u201d para la instalaci\u00f3n y puesta en marcha de Laboratorios de producci\u00f3n de plantas Incluye:<\/p>\n<div class=\"one_half\">\n<ul>\n<li>Valoraci\u00f3n de la factibilidad econ\u00f3mica de la inversi\u00f3n.<\/li>\n<li>Colaboraci\u00f3n en la confecci\u00f3n y aprobaci\u00f3n final del Proyecto de obras y Ejecutivo del Laboratorio de Producci\u00f3n de Plantas.<\/li>\n<li>Asesor\u00eda para la instalaci\u00f3n del equipamiento y supervisi\u00f3n de la obra civil.<\/li>\n<\/ul>\n<\/div>\n<div class=\"one_half last\">\n<ul>\n<li>Adiestramiento del personal que laborar\u00e1 en el Laboratorio de producci\u00f3n de plantas.<\/li>\n<li>Supervisi\u00f3n y puesta en marcha.<\/li>\n<li>Seguimiento y asesor\u00eda una vez iniciado el funcionamiento y las labores productivas.<\/li>\n<\/ul>\n<\/div>\n<\/div>\n","protected":false},"excerpt":{"rendered":"<p>Esta \u00e1rea cuenta con una Laboratorio de producci\u00f3n de plantas con capacidad de producci\u00f3n anual de 10 millones de plantas in vitro. Contamos con c\u00e1maras de cultivo con luz artificial, c\u00e1maras de crecimiento con luz natural as\u00ed como cuartos oscuros para la producci\u00f3n de bulbos de flores y microtub\u00e9rculos de patatas. Toda esta infraestructura ha [&hellip;]<\/p>\n","protected":false},"author":2,"featured_media":0,"parent":0,"menu_order":0,"comment_status":"closed","ping_status":"closed","template":"","meta":{"footnotes":""},"class_list":["post-14","page","type-page","status-publish","hentry"],"yoast_head":"<!-- This site is optimized with the Yoast SEO plugin v23.8 - https:\/\/yoast.com\/wordpress\/plugins\/seo\/ -->\n<title>Tu proyecto - Vitrosur Lab<\/title>\n<meta name=\"robots\" content=\"index, follow, max-snippet:-1, max-image-preview:large, max-video-preview:-1\" \/>\n<link rel=\"canonical\" href=\"https:\/\/vitrosurlab.com\/es\/tu-proyecto\/\" \/>\n<meta property=\"og:locale\" content=\"es_ES\" \/>\n<meta property=\"og:type\" content=\"article\" \/>\n<meta property=\"og:title\" content=\"Tu proyecto - Vitrosur Lab\" \/>\n<meta property=\"og:description\" content=\"Esta \u00e1rea cuenta con una Laboratorio de producci\u00f3n de plantas con capacidad de producci\u00f3n anual de 10 millones de plantas in vitro. Contamos con c\u00e1maras de cultivo con luz artificial, c\u00e1maras de crecimiento con luz natural as\u00ed como cuartos oscuros para la producci\u00f3n de bulbos de flores y microtub\u00e9rculos de patatas. Toda esta infraestructura ha [&hellip;]\" \/>\n<meta property=\"og:url\" content=\"https:\/\/vitrosurlab.com\/es\/tu-proyecto\/\" \/>\n<meta property=\"og:site_name\" content=\"Vitrosur Lab\" \/>\n<meta property=\"article:modified_time\" content=\"2015-10-30T12:39:42+00:00\" \/>\n<meta property=\"og:image\" content=\"https:\/\/www.vitrosurlab.com\/es\/wp-content\/uploads\/2015\/09\/tuproyecto03.jpg\" \/>\n<meta name=\"twitter:label1\" content=\"Tiempo de lectura\" \/>\n\t<meta name=\"twitter:data1\" content=\"1 minuto\" \/>\n<script type=\"application\/ld+json\" class=\"yoast-schema-graph\">{\"@context\":\"https:\/\/schema.org\",\"@graph\":[{\"@type\":\"WebPage\",\"@id\":\"https:\/\/vitrosurlab.com\/es\/tu-proyecto\/\",\"url\":\"https:\/\/vitrosurlab.com\/es\/tu-proyecto\/\",\"name\":\"Tu proyecto - Vitrosur Lab\",\"isPartOf\":{\"@id\":\"https:\/\/vitrosurlab.com\/es\/#website\"},\"primaryImageOfPage\":{\"@id\":\"https:\/\/vitrosurlab.com\/es\/tu-proyecto\/#primaryimage\"},\"image\":{\"@id\":\"https:\/\/vitrosurlab.com\/es\/tu-proyecto\/#primaryimage\"},\"thumbnailUrl\":\"https:\/\/www.vitrosurlab.com\/es\/wp-content\/uploads\/2015\/09\/tuproyecto03.jpg\",\"datePublished\":\"2015-09-24T07:51:43+00:00\",\"dateModified\":\"2015-10-30T12:39:42+00:00\",\"breadcrumb\":{\"@id\":\"https:\/\/vitrosurlab.com\/es\/tu-proyecto\/#breadcrumb\"},\"inLanguage\":\"es\",\"potentialAction\":[{\"@type\":\"ReadAction\",\"target\":[\"https:\/\/vitrosurlab.com\/es\/tu-proyecto\/\"]}]},{\"@type\":\"ImageObject\",\"inLanguage\":\"es\",\"@id\":\"https:\/\/vitrosurlab.com\/es\/tu-proyecto\/#primaryimage\",\"url\":\"https:\/\/www.vitrosurlab.com\/es\/wp-content\/uploads\/2015\/09\/tuproyecto03.jpg\",\"contentUrl\":\"https:\/\/www.vitrosurlab.com\/es\/wp-content\/uploads\/2015\/09\/tuproyecto03.jpg\"},{\"@type\":\"BreadcrumbList\",\"@id\":\"https:\/\/vitrosurlab.com\/es\/tu-proyecto\/#breadcrumb\",\"itemListElement\":[{\"@type\":\"ListItem\",\"position\":1,\"name\":\"Portada\",\"item\":\"https:\/\/vitrosurlab.com\/es\/\"},{\"@type\":\"ListItem\",\"position\":2,\"name\":\"Tu proyecto\"}]},{\"@type\":\"WebSite\",\"@id\":\"https:\/\/vitrosurlab.com\/es\/#website\",\"url\":\"https:\/\/vitrosurlab.com\/es\/\",\"name\":\"Vitrosur Lab\",\"description\":\"Laboratorio especializado en la investigaci\u00f3n y producci\u00f3n de plantas sanas.\",\"potentialAction\":[{\"@type\":\"SearchAction\",\"target\":{\"@type\":\"EntryPoint\",\"urlTemplate\":\"https:\/\/vitrosurlab.com\/es\/?s={search_term_string}\"},\"query-input\":{\"@type\":\"PropertyValueSpecification\",\"valueRequired\":true,\"valueName\":\"search_term_string\"}}],\"inLanguage\":\"es\"}]}<\/script>\n<!-- \/ Yoast SEO plugin. -->","yoast_head_json":{"title":"Tu proyecto - Vitrosur Lab","robots":{"index":"index","follow":"follow","max-snippet":"max-snippet:-1","max-image-preview":"max-image-preview:large","max-video-preview":"max-video-preview:-1"},"canonical":"https:\/\/vitrosurlab.com\/es\/tu-proyecto\/","og_locale":"es_ES","og_type":"article","og_title":"Tu proyecto - Vitrosur Lab","og_description":"Esta \u00e1rea cuenta con una Laboratorio de producci\u00f3n de plantas con capacidad de producci\u00f3n anual de 10 millones de plantas in vitro. Contamos con c\u00e1maras de cultivo con luz artificial, c\u00e1maras de crecimiento con luz natural as\u00ed como cuartos oscuros para la producci\u00f3n de bulbos de flores y microtub\u00e9rculos de patatas. Toda esta infraestructura ha [&hellip;]","og_url":"https:\/\/vitrosurlab.com\/es\/tu-proyecto\/","og_site_name":"Vitrosur Lab","article_modified_time":"2015-10-30T12:39:42+00:00","og_image":[{"url":"https:\/\/www.vitrosurlab.com\/es\/wp-content\/uploads\/2015\/09\/tuproyecto03.jpg"}],"twitter_misc":{"Tiempo de lectura":"1 minuto"},"schema":{"@context":"https:\/\/schema.org","@graph":[{"@type":"WebPage","@id":"https:\/\/vitrosurlab.com\/es\/tu-proyecto\/","url":"https:\/\/vitrosurlab.com\/es\/tu-proyecto\/","name":"Tu proyecto - Vitrosur Lab","isPartOf":{"@id":"https:\/\/vitrosurlab.com\/es\/#website"},"primaryImageOfPage":{"@id":"https:\/\/vitrosurlab.com\/es\/tu-proyecto\/#primaryimage"},"image":{"@id":"https:\/\/vitrosurlab.com\/es\/tu-proyecto\/#primaryimage"},"thumbnailUrl":"https:\/\/www.vitrosurlab.com\/es\/wp-content\/uploads\/2015\/09\/tuproyecto03.jpg","datePublished":"2015-09-24T07:51:43+00:00","dateModified":"2015-10-30T12:39:42+00:00","breadcrumb":{"@id":"https:\/\/vitrosurlab.com\/es\/tu-proyecto\/#breadcrumb"},"inLanguage":"es","potentialAction":[{"@type":"ReadAction","target":["https:\/\/vitrosurlab.com\/es\/tu-proyecto\/"]}]},{"@type":"ImageObject","inLanguage":"es","@id":"https:\/\/vitrosurlab.com\/es\/tu-proyecto\/#primaryimage","url":"https:\/\/www.vitrosurlab.com\/es\/wp-content\/uploads\/2015\/09\/tuproyecto03.jpg","contentUrl":"https:\/\/www.vitrosurlab.com\/es\/wp-content\/uploads\/2015\/09\/tuproyecto03.jpg"},{"@type":"BreadcrumbList","@id":"https:\/\/vitrosurlab.com\/es\/tu-proyecto\/#breadcrumb","itemListElement":[{"@type":"ListItem","position":1,"name":"Portada","item":"https:\/\/vitrosurlab.com\/es\/"},{"@type":"ListItem","position":2,"name":"Tu proyecto"}]},{"@type":"WebSite","@id":"https:\/\/vitrosurlab.com\/es\/#website","url":"https:\/\/vitrosurlab.com\/es\/","name":"Vitrosur Lab","description":"Laboratorio especializado en la investigaci\u00f3n y producci\u00f3n de plantas sanas.","potentialAction":[{"@type":"SearchAction","target":{"@type":"EntryPoint","urlTemplate":"https:\/\/vitrosurlab.com\/es\/?s={search_term_string}"},"query-input":{"@type":"PropertyValueSpecification","valueRequired":true,"valueName":"search_term_string"}}],"inLanguage":"es"}]}},"_links":{"self":[{"href":"https:\/\/vitrosurlab.com\/es\/wp-json\/wp\/v2\/pages\/14","targetHints":{"allow":["GET"]}}],"collection":[{"href":"https:\/\/vitrosurlab.com\/es\/wp-json\/wp\/v2\/pages"}],"about":[{"href":"https:\/\/vitrosurlab.com\/es\/wp-json\/wp\/v2\/types\/page"}],"author":[{"embeddable":true,"href":"https:\/\/vitrosurlab.com\/es\/wp-json\/wp\/v2\/users\/2"}],"replies":[{"embeddable":true,"href":"https:\/\/vitrosurlab.com\/es\/wp-json\/wp\/v2\/comments?post=14"}],"version-history":[{"count":5,"href":"https:\/\/vitrosurlab.com\/es\/wp-json\/wp\/v2\/pages\/14\/revisions"}],"predecessor-version":[{"id":335,"href":"https:\/\/vitrosurlab.com\/es\/wp-json\/wp\/v2\/pages\/14\/revisions\/335"}],"wp:attachment":[{"href":"https:\/\/vitrosurlab.com\/es\/wp-json\/wp\/v2\/media?parent=14"}],"curies":[{"name":"wp","href":"https:\/\/api.w.org\/{rel}","templated":true}]}}