{"id":12,"date":"2015-09-24T07:43:26","date_gmt":"2015-09-24T07:43:26","guid":{"rendered":"https:\/\/www.vitrosurlab.com\/es\/?page_id=12"},"modified":"2015-10-29T16:17:25","modified_gmt":"2015-10-29T16:17:25","slug":"investigacion","status":"publish","type":"page","link":"https:\/\/vitrosurlab.com\/es\/investigacion\/","title":{"rendered":"Investigaci\u00f3n"},"content":{"rendered":"<p><img loading=\"lazy\" decoding=\"async\" class=\"aligncenter size-full wp-image-215\" src=\"https:\/\/www.vitrosurlab.com\/es\/wp-content\/uploads\/2015\/09\/investigacion.jpg\" alt=\"investigacion\" width=\"1140\" height=\"427\" srcset=\"https:\/\/vitrosurlab.com\/es\/wp-content\/uploads\/2015\/09\/investigacion.jpg 1140w, https:\/\/vitrosurlab.com\/es\/wp-content\/uploads\/2015\/09\/investigacion-300x112.jpg 300w, https:\/\/vitrosurlab.com\/es\/wp-content\/uploads\/2015\/09\/investigacion-1024x384.jpg 1024w\" sizes=\"auto, (max-width: 1140px) 100vw, 1140px\" \/><\/p>\n<div class=\"centrar investigacion\">\n<h3>Laboratorio especializado en la investigaci\u00f3n y producci\u00f3n de plantas sanas<\/h3>\n<div class=\"one_half\">\n<ul>\n<li>Producci\u00f3n de plantas in vitro y microtub\u00e9rculos de patata.<\/li>\n<li>Desarrollo de Sistemas de Inmersi\u00f3n Temporal con escalado productivo.<\/li>\n<li>Propagaci\u00f3n in vitro de Stevia Rebaudiana.<\/li>\n<\/ul>\n<p><img loading=\"lazy\" decoding=\"async\" src=\"https:\/\/www.vitrosurlab.com\/es\/wp-content\/uploads\/2015\/09\/cultivo01.jpg\" alt=\"cultivo01\" width=\"640\" height=\"427\" class=\"aligncenter size-full wp-image-318\" srcset=\"https:\/\/vitrosurlab.com\/es\/wp-content\/uploads\/2015\/09\/cultivo01.jpg 640w, https:\/\/vitrosurlab.com\/es\/wp-content\/uploads\/2015\/09\/cultivo01-300x200.jpg 300w\" sizes=\"auto, (max-width: 640px) 100vw, 640px\" \/>\n<\/div>\n<div class=\"one_half last\">\n<ul>\n<li>Propagaci\u00f3n de Eucalipto.<\/li>\n<li>Producci\u00f3n de biomasa para la obtenci\u00f3n de metabolitos secundarios para su aplicaci\u00f3n en la industria farmac\u00e9utica, cosm\u00e9ticos y alimentaria.<\/li>\n<\/ul>\n<p><img loading=\"lazy\" decoding=\"async\" src=\"https:\/\/www.vitrosurlab.com\/es\/wp-content\/uploads\/2015\/09\/cultivo03.jpg\" alt=\"cultivo03\" width=\"640\" height=\"478\" class=\"aligncenter size-full wp-image-319\" srcset=\"https:\/\/vitrosurlab.com\/es\/wp-content\/uploads\/2015\/09\/cultivo03.jpg 640w, https:\/\/vitrosurlab.com\/es\/wp-content\/uploads\/2015\/09\/cultivo03-300x224.jpg 300w\" sizes=\"auto, (max-width: 640px) 100vw, 640px\" \/>\n<\/div>\n<div class=\"clear\"><\/div>\n<\/div>\n<div class=\"margen-3\"><\/div>\n","protected":false},"excerpt":{"rendered":"<p>Laboratorio especializado en la investigaci\u00f3n y producci\u00f3n de plantas sanas Producci\u00f3n de plantas in vitro y microtub\u00e9rculos de patata. Desarrollo de Sistemas de Inmersi\u00f3n Temporal con escalado productivo. Propagaci\u00f3n in vitro de Stevia Rebaudiana. Propagaci\u00f3n de Eucalipto. Producci\u00f3n de biomasa para la obtenci\u00f3n de metabolitos secundarios para su aplicaci\u00f3n en la industria farmac\u00e9utica, cosm\u00e9ticos y [&hellip;]<\/p>\n","protected":false},"author":2,"featured_media":0,"parent":0,"menu_order":0,"comment_status":"closed","ping_status":"closed","template":"","meta":{"footnotes":""},"class_list":["post-12","page","type-page","status-publish","hentry"],"yoast_head":"<!-- This site is optimized with the Yoast SEO plugin v23.8 - https:\/\/yoast.com\/wordpress\/plugins\/seo\/ -->\n<title>Investigaci\u00f3n - Vitrosur Lab<\/title>\n<meta name=\"robots\" content=\"index, follow, max-snippet:-1, max-image-preview:large, max-video-preview:-1\" \/>\n<link rel=\"canonical\" href=\"https:\/\/vitrosurlab.com\/es\/investigacion\/\" \/>\n<meta property=\"og:locale\" content=\"es_ES\" \/>\n<meta property=\"og:type\" content=\"article\" \/>\n<meta property=\"og:title\" content=\"Investigaci\u00f3n - Vitrosur Lab\" \/>\n<meta property=\"og:description\" content=\"Laboratorio especializado en la investigaci\u00f3n y producci\u00f3n de plantas sanas Producci\u00f3n de plantas in vitro y microtub\u00e9rculos de patata. Desarrollo de Sistemas de Inmersi\u00f3n Temporal con escalado productivo. Propagaci\u00f3n in vitro de Stevia Rebaudiana. Propagaci\u00f3n de Eucalipto. Producci\u00f3n de biomasa para la obtenci\u00f3n de metabolitos secundarios para su aplicaci\u00f3n en la industria farmac\u00e9utica, cosm\u00e9ticos y [&hellip;]\" \/>\n<meta property=\"og:url\" content=\"https:\/\/vitrosurlab.com\/es\/investigacion\/\" \/>\n<meta property=\"og:site_name\" content=\"Vitrosur Lab\" \/>\n<meta property=\"article:modified_time\" content=\"2015-10-29T16:17:25+00:00\" \/>\n<meta property=\"og:image\" content=\"https:\/\/www.vitrosurlab.com\/es\/wp-content\/uploads\/2015\/09\/investigacion.jpg\" \/>\n<script type=\"application\/ld+json\" class=\"yoast-schema-graph\">{\"@context\":\"https:\/\/schema.org\",\"@graph\":[{\"@type\":\"WebPage\",\"@id\":\"https:\/\/vitrosurlab.com\/es\/investigacion\/\",\"url\":\"https:\/\/vitrosurlab.com\/es\/investigacion\/\",\"name\":\"Investigaci\u00f3n - Vitrosur Lab\",\"isPartOf\":{\"@id\":\"https:\/\/vitrosurlab.com\/es\/#website\"},\"primaryImageOfPage\":{\"@id\":\"https:\/\/vitrosurlab.com\/es\/investigacion\/#primaryimage\"},\"image\":{\"@id\":\"https:\/\/vitrosurlab.com\/es\/investigacion\/#primaryimage\"},\"thumbnailUrl\":\"https:\/\/www.vitrosurlab.com\/es\/wp-content\/uploads\/2015\/09\/investigacion.jpg\",\"datePublished\":\"2015-09-24T07:43:26+00:00\",\"dateModified\":\"2015-10-29T16:17:25+00:00\",\"breadcrumb\":{\"@id\":\"https:\/\/vitrosurlab.com\/es\/investigacion\/#breadcrumb\"},\"inLanguage\":\"es\",\"potentialAction\":[{\"@type\":\"ReadAction\",\"target\":[\"https:\/\/vitrosurlab.com\/es\/investigacion\/\"]}]},{\"@type\":\"ImageObject\",\"inLanguage\":\"es\",\"@id\":\"https:\/\/vitrosurlab.com\/es\/investigacion\/#primaryimage\",\"url\":\"https:\/\/www.vitrosurlab.com\/es\/wp-content\/uploads\/2015\/09\/investigacion.jpg\",\"contentUrl\":\"https:\/\/www.vitrosurlab.com\/es\/wp-content\/uploads\/2015\/09\/investigacion.jpg\"},{\"@type\":\"BreadcrumbList\",\"@id\":\"https:\/\/vitrosurlab.com\/es\/investigacion\/#breadcrumb\",\"itemListElement\":[{\"@type\":\"ListItem\",\"position\":1,\"name\":\"Portada\",\"item\":\"https:\/\/vitrosurlab.com\/es\/\"},{\"@type\":\"ListItem\",\"position\":2,\"name\":\"Investigaci\u00f3n\"}]},{\"@type\":\"WebSite\",\"@id\":\"https:\/\/vitrosurlab.com\/es\/#website\",\"url\":\"https:\/\/vitrosurlab.com\/es\/\",\"name\":\"Vitrosur Lab\",\"description\":\"Laboratorio especializado en la investigaci\u00f3n y producci\u00f3n de plantas sanas.\",\"potentialAction\":[{\"@type\":\"SearchAction\",\"target\":{\"@type\":\"EntryPoint\",\"urlTemplate\":\"https:\/\/vitrosurlab.com\/es\/?s={search_term_string}\"},\"query-input\":{\"@type\":\"PropertyValueSpecification\",\"valueRequired\":true,\"valueName\":\"search_term_string\"}}],\"inLanguage\":\"es\"}]}<\/script>\n<!-- \/ Yoast SEO plugin. -->","yoast_head_json":{"title":"Investigaci\u00f3n - Vitrosur Lab","robots":{"index":"index","follow":"follow","max-snippet":"max-snippet:-1","max-image-preview":"max-image-preview:large","max-video-preview":"max-video-preview:-1"},"canonical":"https:\/\/vitrosurlab.com\/es\/investigacion\/","og_locale":"es_ES","og_type":"article","og_title":"Investigaci\u00f3n - Vitrosur Lab","og_description":"Laboratorio especializado en la investigaci\u00f3n y producci\u00f3n de plantas sanas Producci\u00f3n de plantas in vitro y microtub\u00e9rculos de patata. Desarrollo de Sistemas de Inmersi\u00f3n Temporal con escalado productivo. Propagaci\u00f3n in vitro de Stevia Rebaudiana. Propagaci\u00f3n de Eucalipto. Producci\u00f3n de biomasa para la obtenci\u00f3n de metabolitos secundarios para su aplicaci\u00f3n en la industria farmac\u00e9utica, cosm\u00e9ticos y [&hellip;]","og_url":"https:\/\/vitrosurlab.com\/es\/investigacion\/","og_site_name":"Vitrosur Lab","article_modified_time":"2015-10-29T16:17:25+00:00","og_image":[{"url":"https:\/\/www.vitrosurlab.com\/es\/wp-content\/uploads\/2015\/09\/investigacion.jpg"}],"schema":{"@context":"https:\/\/schema.org","@graph":[{"@type":"WebPage","@id":"https:\/\/vitrosurlab.com\/es\/investigacion\/","url":"https:\/\/vitrosurlab.com\/es\/investigacion\/","name":"Investigaci\u00f3n - Vitrosur Lab","isPartOf":{"@id":"https:\/\/vitrosurlab.com\/es\/#website"},"primaryImageOfPage":{"@id":"https:\/\/vitrosurlab.com\/es\/investigacion\/#primaryimage"},"image":{"@id":"https:\/\/vitrosurlab.com\/es\/investigacion\/#primaryimage"},"thumbnailUrl":"https:\/\/www.vitrosurlab.com\/es\/wp-content\/uploads\/2015\/09\/investigacion.jpg","datePublished":"2015-09-24T07:43:26+00:00","dateModified":"2015-10-29T16:17:25+00:00","breadcrumb":{"@id":"https:\/\/vitrosurlab.com\/es\/investigacion\/#breadcrumb"},"inLanguage":"es","potentialAction":[{"@type":"ReadAction","target":["https:\/\/vitrosurlab.com\/es\/investigacion\/"]}]},{"@type":"ImageObject","inLanguage":"es","@id":"https:\/\/vitrosurlab.com\/es\/investigacion\/#primaryimage","url":"https:\/\/www.vitrosurlab.com\/es\/wp-content\/uploads\/2015\/09\/investigacion.jpg","contentUrl":"https:\/\/www.vitrosurlab.com\/es\/wp-content\/uploads\/2015\/09\/investigacion.jpg"},{"@type":"BreadcrumbList","@id":"https:\/\/vitrosurlab.com\/es\/investigacion\/#breadcrumb","itemListElement":[{"@type":"ListItem","position":1,"name":"Portada","item":"https:\/\/vitrosurlab.com\/es\/"},{"@type":"ListItem","position":2,"name":"Investigaci\u00f3n"}]},{"@type":"WebSite","@id":"https:\/\/vitrosurlab.com\/es\/#website","url":"https:\/\/vitrosurlab.com\/es\/","name":"Vitrosur Lab","description":"Laboratorio especializado en la investigaci\u00f3n y producci\u00f3n de plantas sanas.","potentialAction":[{"@type":"SearchAction","target":{"@type":"EntryPoint","urlTemplate":"https:\/\/vitrosurlab.com\/es\/?s={search_term_string}"},"query-input":{"@type":"PropertyValueSpecification","valueRequired":true,"valueName":"search_term_string"}}],"inLanguage":"es"}]}},"_links":{"self":[{"href":"https:\/\/vitrosurlab.com\/es\/wp-json\/wp\/v2\/pages\/12","targetHints":{"allow":["GET"]}}],"collection":[{"href":"https:\/\/vitrosurlab.com\/es\/wp-json\/wp\/v2\/pages"}],"about":[{"href":"https:\/\/vitrosurlab.com\/es\/wp-json\/wp\/v2\/types\/page"}],"author":[{"embeddable":true,"href":"https:\/\/vitrosurlab.com\/es\/wp-json\/wp\/v2\/users\/2"}],"replies":[{"embeddable":true,"href":"https:\/\/vitrosurlab.com\/es\/wp-json\/wp\/v2\/comments?post=12"}],"version-history":[{"count":5,"href":"https:\/\/vitrosurlab.com\/es\/wp-json\/wp\/v2\/pages\/12\/revisions"}],"predecessor-version":[{"id":320,"href":"https:\/\/vitrosurlab.com\/es\/wp-json\/wp\/v2\/pages\/12\/revisions\/320"}],"wp:attachment":[{"href":"https:\/\/vitrosurlab.com\/es\/wp-json\/wp\/v2\/media?parent=12"}],"curies":[{"name":"wp","href":"https:\/\/api.w.org\/{rel}","templated":true}]}}