{"id":10,"date":"2015-09-24T07:43:01","date_gmt":"2015-09-24T07:43:01","guid":{"rendered":"https:\/\/www.vitrosurlab.com\/es\/?page_id=10"},"modified":"2015-10-29T16:15:59","modified_gmt":"2015-10-29T16:15:59","slug":"quienes-somos","status":"publish","type":"page","link":"https:\/\/vitrosurlab.com\/es\/quienes-somos\/","title":{"rendered":"Qui\u00e9nes Somos"},"content":{"rendered":"<p><img loading=\"lazy\" decoding=\"async\" class=\"aligncenter size-full wp-image-187\" src=\"https:\/\/www.vitrosurlab.com\/es\/wp-content\/uploads\/2015\/09\/quienes-somos.jpg\" alt=\"quienes-somos\" width=\"1140\" height=\"588\" srcset=\"https:\/\/vitrosurlab.com\/es\/wp-content\/uploads\/2015\/09\/quienes-somos.jpg 1140w, https:\/\/vitrosurlab.com\/es\/wp-content\/uploads\/2015\/09\/quienes-somos-300x155.jpg 300w, https:\/\/vitrosurlab.com\/es\/wp-content\/uploads\/2015\/09\/quienes-somos-1024x528.jpg 1024w\" sizes=\"auto, (max-width: 1140px) 100vw, 1140px\" \/><\/p>\n<div class=\"margen-1\"><\/div>\n<div class=\"caja-verde\">\n<div class=\"one_half\">\n<div class=\"margen-2\"><\/div>\n<p><strong>Vitrosur Lab S.L.U.<\/strong> tiene como misi\u00f3n fundamental la producci\u00f3n masiva de plantas sanas mediante el cultivo de tejido vegetal.<br \/>\nSu personal altamente cualificado garantiza la obtenci\u00f3n de resultados de valor cient\u00edfico practico y contribuye con el desarrollo de tecnolog\u00eda que garantiza una agricultura sustentable.<\/p>\n<p><strong>Vitrosur Lab S.L.U.<\/strong> en su organizaci\u00f3n cuenta con dos \u00e1reas fundamentales de trabajo: el \u00e1rea de investigaci\u00f3n y desarrollo de protocolos de micropropagaci\u00f3n y el \u00e1rea productiva. Esta \u00faltima cuenta con una Laboratorio de producci\u00f3n de plantas con capacidad para la producci\u00f3n de 10.000.000 de plantas, bulbos y microtub\u00e9rculos al a\u00f1o. En conjunto ambas \u00e1reas son las encargadas de demostrar la posibilidad de llevar la investigaci\u00f3n desde el laboratorio hasta el campo.<\/p>\n<\/div>\n<div class=\"one_half last\"><img loading=\"lazy\" decoding=\"async\" width=\"300\" height=\"364\" class=\"aligncenter size-full wp-image-189\" src=\"https:\/\/www.vitrosurlab.com\/es\/wp-content\/uploads\/2015\/09\/quienes-somos02.jpg\" alt=\"quienes-somos02\" srcset=\"https:\/\/vitrosurlab.com\/es\/wp-content\/uploads\/2015\/09\/quienes-somos02.jpg 300w, https:\/\/vitrosurlab.com\/es\/wp-content\/uploads\/2015\/09\/quienes-somos02-247x300.jpg 247w\" sizes=\"auto, (max-width: 300px) 100vw, 300px\" \/><\/div>\n<div class=\"clear\"><\/div>\n<\/div>\n<div class=\"margen-3\"><\/div>\n","protected":false},"excerpt":{"rendered":"<p>Vitrosur Lab S.L.U. tiene como misi\u00f3n fundamental la producci\u00f3n masiva de plantas sanas mediante el cultivo de tejido vegetal. Su personal altamente cualificado garantiza la obtenci\u00f3n de resultados de valor cient\u00edfico practico y contribuye con el desarrollo de tecnolog\u00eda que garantiza una agricultura sustentable. Vitrosur Lab S.L.U. en su organizaci\u00f3n cuenta con dos \u00e1reas fundamentales [&hellip;]<\/p>\n","protected":false},"author":2,"featured_media":0,"parent":0,"menu_order":0,"comment_status":"closed","ping_status":"closed","template":"","meta":{"footnotes":""},"class_list":["post-10","page","type-page","status-publish","hentry"],"yoast_head":"<!-- This site is optimized with the Yoast SEO plugin v23.8 - https:\/\/yoast.com\/wordpress\/plugins\/seo\/ -->\n<title>Qui\u00e9nes Somos - Vitrosur Lab<\/title>\n<meta name=\"robots\" content=\"index, follow, max-snippet:-1, max-image-preview:large, max-video-preview:-1\" \/>\n<link rel=\"canonical\" href=\"https:\/\/vitrosurlab.com\/es\/quienes-somos\/\" \/>\n<meta property=\"og:locale\" content=\"es_ES\" \/>\n<meta property=\"og:type\" content=\"article\" \/>\n<meta property=\"og:title\" content=\"Qui\u00e9nes Somos - Vitrosur Lab\" \/>\n<meta property=\"og:description\" content=\"Vitrosur Lab S.L.U. tiene como misi\u00f3n fundamental la producci\u00f3n masiva de plantas sanas mediante el cultivo de tejido vegetal. Su personal altamente cualificado garantiza la obtenci\u00f3n de resultados de valor cient\u00edfico practico y contribuye con el desarrollo de tecnolog\u00eda que garantiza una agricultura sustentable. Vitrosur Lab S.L.U. en su organizaci\u00f3n cuenta con dos \u00e1reas fundamentales [&hellip;]\" \/>\n<meta property=\"og:url\" content=\"https:\/\/vitrosurlab.com\/es\/quienes-somos\/\" \/>\n<meta property=\"og:site_name\" content=\"Vitrosur Lab\" \/>\n<meta property=\"article:modified_time\" content=\"2015-10-29T16:15:59+00:00\" \/>\n<meta property=\"og:image\" content=\"https:\/\/www.vitrosurlab.com\/es\/wp-content\/uploads\/2015\/09\/quienes-somos.jpg\" \/>\n<meta name=\"twitter:label1\" content=\"Tiempo de lectura\" \/>\n\t<meta name=\"twitter:data1\" content=\"1 minuto\" \/>\n<script type=\"application\/ld+json\" class=\"yoast-schema-graph\">{\"@context\":\"https:\/\/schema.org\",\"@graph\":[{\"@type\":\"WebPage\",\"@id\":\"https:\/\/vitrosurlab.com\/es\/quienes-somos\/\",\"url\":\"https:\/\/vitrosurlab.com\/es\/quienes-somos\/\",\"name\":\"Qui\u00e9nes Somos - Vitrosur Lab\",\"isPartOf\":{\"@id\":\"https:\/\/vitrosurlab.com\/es\/#website\"},\"primaryImageOfPage\":{\"@id\":\"https:\/\/vitrosurlab.com\/es\/quienes-somos\/#primaryimage\"},\"image\":{\"@id\":\"https:\/\/vitrosurlab.com\/es\/quienes-somos\/#primaryimage\"},\"thumbnailUrl\":\"https:\/\/www.vitrosurlab.com\/es\/wp-content\/uploads\/2015\/09\/quienes-somos.jpg\",\"datePublished\":\"2015-09-24T07:43:01+00:00\",\"dateModified\":\"2015-10-29T16:15:59+00:00\",\"breadcrumb\":{\"@id\":\"https:\/\/vitrosurlab.com\/es\/quienes-somos\/#breadcrumb\"},\"inLanguage\":\"es\",\"potentialAction\":[{\"@type\":\"ReadAction\",\"target\":[\"https:\/\/vitrosurlab.com\/es\/quienes-somos\/\"]}]},{\"@type\":\"ImageObject\",\"inLanguage\":\"es\",\"@id\":\"https:\/\/vitrosurlab.com\/es\/quienes-somos\/#primaryimage\",\"url\":\"https:\/\/www.vitrosurlab.com\/es\/wp-content\/uploads\/2015\/09\/quienes-somos.jpg\",\"contentUrl\":\"https:\/\/www.vitrosurlab.com\/es\/wp-content\/uploads\/2015\/09\/quienes-somos.jpg\"},{\"@type\":\"BreadcrumbList\",\"@id\":\"https:\/\/vitrosurlab.com\/es\/quienes-somos\/#breadcrumb\",\"itemListElement\":[{\"@type\":\"ListItem\",\"position\":1,\"name\":\"Portada\",\"item\":\"https:\/\/vitrosurlab.com\/es\/\"},{\"@type\":\"ListItem\",\"position\":2,\"name\":\"Qui\u00e9nes Somos\"}]},{\"@type\":\"WebSite\",\"@id\":\"https:\/\/vitrosurlab.com\/es\/#website\",\"url\":\"https:\/\/vitrosurlab.com\/es\/\",\"name\":\"Vitrosur Lab\",\"description\":\"Laboratorio especializado en la investigaci\u00f3n y producci\u00f3n de plantas sanas.\",\"potentialAction\":[{\"@type\":\"SearchAction\",\"target\":{\"@type\":\"EntryPoint\",\"urlTemplate\":\"https:\/\/vitrosurlab.com\/es\/?s={search_term_string}\"},\"query-input\":{\"@type\":\"PropertyValueSpecification\",\"valueRequired\":true,\"valueName\":\"search_term_string\"}}],\"inLanguage\":\"es\"}]}<\/script>\n<!-- \/ Yoast SEO plugin. -->","yoast_head_json":{"title":"Qui\u00e9nes Somos - Vitrosur Lab","robots":{"index":"index","follow":"follow","max-snippet":"max-snippet:-1","max-image-preview":"max-image-preview:large","max-video-preview":"max-video-preview:-1"},"canonical":"https:\/\/vitrosurlab.com\/es\/quienes-somos\/","og_locale":"es_ES","og_type":"article","og_title":"Qui\u00e9nes Somos - Vitrosur Lab","og_description":"Vitrosur Lab S.L.U. tiene como misi\u00f3n fundamental la producci\u00f3n masiva de plantas sanas mediante el cultivo de tejido vegetal. Su personal altamente cualificado garantiza la obtenci\u00f3n de resultados de valor cient\u00edfico practico y contribuye con el desarrollo de tecnolog\u00eda que garantiza una agricultura sustentable. Vitrosur Lab S.L.U. en su organizaci\u00f3n cuenta con dos \u00e1reas fundamentales [&hellip;]","og_url":"https:\/\/vitrosurlab.com\/es\/quienes-somos\/","og_site_name":"Vitrosur Lab","article_modified_time":"2015-10-29T16:15:59+00:00","og_image":[{"url":"https:\/\/www.vitrosurlab.com\/es\/wp-content\/uploads\/2015\/09\/quienes-somos.jpg"}],"twitter_misc":{"Tiempo de lectura":"1 minuto"},"schema":{"@context":"https:\/\/schema.org","@graph":[{"@type":"WebPage","@id":"https:\/\/vitrosurlab.com\/es\/quienes-somos\/","url":"https:\/\/vitrosurlab.com\/es\/quienes-somos\/","name":"Qui\u00e9nes Somos - Vitrosur Lab","isPartOf":{"@id":"https:\/\/vitrosurlab.com\/es\/#website"},"primaryImageOfPage":{"@id":"https:\/\/vitrosurlab.com\/es\/quienes-somos\/#primaryimage"},"image":{"@id":"https:\/\/vitrosurlab.com\/es\/quienes-somos\/#primaryimage"},"thumbnailUrl":"https:\/\/www.vitrosurlab.com\/es\/wp-content\/uploads\/2015\/09\/quienes-somos.jpg","datePublished":"2015-09-24T07:43:01+00:00","dateModified":"2015-10-29T16:15:59+00:00","breadcrumb":{"@id":"https:\/\/vitrosurlab.com\/es\/quienes-somos\/#breadcrumb"},"inLanguage":"es","potentialAction":[{"@type":"ReadAction","target":["https:\/\/vitrosurlab.com\/es\/quienes-somos\/"]}]},{"@type":"ImageObject","inLanguage":"es","@id":"https:\/\/vitrosurlab.com\/es\/quienes-somos\/#primaryimage","url":"https:\/\/www.vitrosurlab.com\/es\/wp-content\/uploads\/2015\/09\/quienes-somos.jpg","contentUrl":"https:\/\/www.vitrosurlab.com\/es\/wp-content\/uploads\/2015\/09\/quienes-somos.jpg"},{"@type":"BreadcrumbList","@id":"https:\/\/vitrosurlab.com\/es\/quienes-somos\/#breadcrumb","itemListElement":[{"@type":"ListItem","position":1,"name":"Portada","item":"https:\/\/vitrosurlab.com\/es\/"},{"@type":"ListItem","position":2,"name":"Qui\u00e9nes Somos"}]},{"@type":"WebSite","@id":"https:\/\/vitrosurlab.com\/es\/#website","url":"https:\/\/vitrosurlab.com\/es\/","name":"Vitrosur Lab","description":"Laboratorio especializado en la investigaci\u00f3n y producci\u00f3n de plantas sanas.","potentialAction":[{"@type":"SearchAction","target":{"@type":"EntryPoint","urlTemplate":"https:\/\/vitrosurlab.com\/es\/?s={search_term_string}"},"query-input":{"@type":"PropertyValueSpecification","valueRequired":true,"valueName":"search_term_string"}}],"inLanguage":"es"}]}},"_links":{"self":[{"href":"https:\/\/vitrosurlab.com\/es\/wp-json\/wp\/v2\/pages\/10","targetHints":{"allow":["GET"]}}],"collection":[{"href":"https:\/\/vitrosurlab.com\/es\/wp-json\/wp\/v2\/pages"}],"about":[{"href":"https:\/\/vitrosurlab.com\/es\/wp-json\/wp\/v2\/types\/page"}],"author":[{"embeddable":true,"href":"https:\/\/vitrosurlab.com\/es\/wp-json\/wp\/v2\/users\/2"}],"replies":[{"embeddable":true,"href":"https:\/\/vitrosurlab.com\/es\/wp-json\/wp\/v2\/comments?post=10"}],"version-history":[{"count":5,"href":"https:\/\/vitrosurlab.com\/es\/wp-json\/wp\/v2\/pages\/10\/revisions"}],"predecessor-version":[{"id":317,"href":"https:\/\/vitrosurlab.com\/es\/wp-json\/wp\/v2\/pages\/10\/revisions\/317"}],"wp:attachment":[{"href":"https:\/\/vitrosurlab.com\/es\/wp-json\/wp\/v2\/media?parent=10"}],"curies":[{"name":"wp","href":"https:\/\/api.w.org\/{rel}","templated":true}]}}